{"id":72,"date":"2022-12-29T21:19:18","date_gmt":"2022-12-29T21:19:18","guid":{"rendered":"https:\/\/ecoledecroly-renaix.be\/?page_id=72"},"modified":"2023-01-10T20:20:44","modified_gmt":"2023-01-10T20:20:44","slug":"infos-utiles","status":"publish","type":"page","link":"https:\/\/explora-renaix.be\/index.php\/infos-utiles\/","title":{"rendered":"Infos utiles"},"content":{"rendered":"\n<p>La page de r\u00e9f\u00e9rence pour retrouver tous nos documents&#8230;<\/p>\n\n\n\n<!-- Page-list plugin v.5.9 wordpress.org\/plugins\/page-list\/ -->\n<div class=\"page-list page-list-ext \">\n<div class=\"page-list-ext-item\"><div class=\"page-list-ext-image\"><a href=\"https:\/\/explora-renaix.be\/index.php\/infos-utiles\/sinscrire\/\" title=\"S&#039;inscrire\"><img decoding=\"async\" src=\"https:\/\/explora-renaix.be\/wp-content\/uploads\/2023\/01\/leaves-150x150.jpg\" width=\"150\" alt=\"S&#039;inscrire\" \/><\/a><\/div> <h3 class=\"page-list-ext-title\"><a href=\"https:\/\/explora-renaix.be\/index.php\/infos-utiles\/sinscrire\/\" title=\"S&#039;inscrire\">S&#039;inscrire<\/a><\/h3><div class=\"page-list-ext-item-content\">\nL'inscription dans notre \u00e9cole est d\u00e9finie dans la loi linguistique de 1963. \n\n\n\nSeul les \u00e9l\u00e8ves domicili\u00e9s \u00e0 Renaix peuvent \u00eatre scolaris\u00e9s chez nous. \n...<\/div><\/div>\n<div class=\"page-list-ext-item\"><div class=\"page-list-ext-image\"><a href=\"https:\/\/explora-renaix.be\/index.php\/infos-utiles\/reglement\/\" title=\"R\u00e8glement\"><img decoding=\"async\" src=\"https:\/\/explora-renaix.be\/wp-content\/uploads\/2023\/01\/flowers-150x150.jpg\" width=\"150\" alt=\"R\u00e8glement\" \/><\/a><\/div> <h3 class=\"page-list-ext-title\"><a href=\"https:\/\/explora-renaix.be\/index.php\/infos-utiles\/reglement\/\" title=\"R\u00e8glement\">R\u00e8glement<\/a><\/h3><div class=\"page-list-ext-item-content\">\nVoici le r\u00e8glement de notre \u00e9tablissement. Tous les \u00e9l\u00e8ves sont tenus de le respecter. \n\n\n\nLe parents en prendront connaissance lors de l'inscription. \n\n\n...<\/div><\/div>\n<div class=\"page-list-ext-item\"><div class=\"page-list-ext-image\"><a href=\"https:\/\/explora-renaix.be\/index.php\/infos-utiles\/projet-detablissement\/\" title=\"Projet d&#039;\u00e9tablissement\"><img decoding=\"async\" src=\"https:\/\/explora-renaix.be\/wp-content\/uploads\/2023\/01\/projet-150x150.jpg\" width=\"150\" alt=\"Projet d&#039;\u00e9tablissement\" \/><\/a><\/div> <h3 class=\"page-list-ext-title\"><a href=\"https:\/\/explora-renaix.be\/index.php\/infos-utiles\/projet-detablissement\/\" title=\"Projet d&#039;\u00e9tablissement\">Projet d&#039;\u00e9tablissement<\/a><\/h3><div class=\"page-list-ext-item-content\">\nNotre environnement g\u00e9ographique Notre \u00e9cole se situe \u00e0 Renaix, la commune la plus m\u00e9ridionale de la province de Flandre-Orientale. Elle est situ\u00e9e sur ...<\/div><\/div>\n\n<\/div>\n","protected":false},"excerpt":{"rendered":"<p>La page de r\u00e9f\u00e9rence pour retrouver tous nos documents&#8230;<\/p>\n","protected":false},"author":1,"featured_media":0,"parent":0,"menu_order":0,"comment_status":"closed","ping_status":"closed","template":"","meta":{"_EventAllDay":false,"_EventTimezone":"","_EventStartDate":"","_EventEndDate":"","_EventStartDateUTC":"","_EventEndDateUTC":"","_EventShowMap":false,"_EventShowMapLink":false,"_EventURL":"","_EventCost":"","_EventCostDescription":"","_EventCurrencySymbol":"","_EventCurrencyCode":"","_EventCurrencyPosition":"","_EventDateTimeSeparator":"","_EventTimeRangeSeparator":"","_EventOrganizerID":[],"_EventVenueID":[],"_OrganizerEmail":"","_OrganizerPhone":"","_OrganizerWebsite":"","_VenueAddress":"","_VenueCity":"","_VenueCountry":"","_VenueProvince":"","_VenueState":"","_VenueZip":"","_VenuePhone":"","_VenueURL":"","_VenueStateProvince":"","_VenueLat":"","_VenueLng":"","_VenueShowMap":false,"_VenueShowMapLink":false,"footnotes":""},"class_list":["post-72","page","type-page","status-publish","hentry"],"yoast_head":"<!-- This site is optimized with the Yoast SEO plugin v26.4 - https:\/\/yoast.com\/wordpress\/plugins\/seo\/ -->\n<title>Infos utiles - Ecole fondamentale Explora Renaix - GO ! Basisschool Explora Ronse<\/title>\n<meta name=\"robots\" content=\"index, follow, max-snippet:-1, max-image-preview:large, max-video-preview:-1\" \/>\n<link rel=\"canonical\" href=\"https:\/\/explora-renaix.be\/index.php\/infos-utiles\/\" \/>\n<meta property=\"og:locale\" content=\"fr_FR\" \/>\n<meta property=\"og:type\" content=\"article\" \/>\n<meta property=\"og:title\" content=\"Infos utiles - Ecole fondamentale Explora Renaix - GO ! Basisschool Explora Ronse\" \/>\n<meta property=\"og:description\" content=\"La page de r\u00e9f\u00e9rence pour retrouver tous nos documents&#8230;\" \/>\n<meta property=\"og:url\" content=\"https:\/\/explora-renaix.be\/index.php\/infos-utiles\/\" \/>\n<meta property=\"og:site_name\" content=\"Ecole fondamentale Explora Renaix - GO ! Basisschool Explora Ronse\" \/>\n<meta property=\"article:modified_time\" content=\"2023-01-10T20:20:44+00:00\" \/>\n<meta name=\"twitter:card\" content=\"summary_large_image\" \/>\n<meta name=\"twitter:label1\" content=\"Dur\u00e9e de lecture est.\" \/>\n\t<meta name=\"twitter:data1\" content=\"1 minute\" \/>\n<script type=\"application\/ld+json\" class=\"yoast-schema-graph\">{\"@context\":\"https:\/\/schema.org\",\"@graph\":[{\"@type\":\"WebPage\",\"@id\":\"https:\/\/explora-renaix.be\/index.php\/infos-utiles\/\",\"url\":\"https:\/\/explora-renaix.be\/index.php\/infos-utiles\/\",\"name\":\"Infos utiles - Ecole fondamentale Explora Renaix - GO ! Basisschool Explora Ronse\",\"isPartOf\":{\"@id\":\"https:\/\/explora-renaix.be\/#website\"},\"datePublished\":\"2022-12-29T21:19:18+00:00\",\"dateModified\":\"2023-01-10T20:20:44+00:00\",\"breadcrumb\":{\"@id\":\"https:\/\/explora-renaix.be\/index.php\/infos-utiles\/#breadcrumb\"},\"inLanguage\":\"fr-BE\",\"potentialAction\":[{\"@type\":\"ReadAction\",\"target\":[\"https:\/\/explora-renaix.be\/index.php\/infos-utiles\/\"]}]},{\"@type\":\"BreadcrumbList\",\"@id\":\"https:\/\/explora-renaix.be\/index.php\/infos-utiles\/#breadcrumb\",\"itemListElement\":[{\"@type\":\"ListItem\",\"position\":1,\"name\":\"Accueil\",\"item\":\"https:\/\/explora-renaix.be\/\"},{\"@type\":\"ListItem\",\"position\":2,\"name\":\"Infos utiles\"}]},{\"@type\":\"WebSite\",\"@id\":\"https:\/\/explora-renaix.be\/#website\",\"url\":\"https:\/\/explora-renaix.be\/\",\"name\":\"Ecole fondamentale Explora Renaix - GO ! Basisschool Explora Ronse\",\"description\":\"L&#039;\u00e9cole o\u00f9 il fait bon apprendre en waar kinderen gelukkig zijn !!\",\"publisher\":{\"@id\":\"https:\/\/explora-renaix.be\/#organization\"},\"potentialAction\":[{\"@type\":\"SearchAction\",\"target\":{\"@type\":\"EntryPoint\",\"urlTemplate\":\"https:\/\/explora-renaix.be\/?s={search_term_string}\"},\"query-input\":{\"@type\":\"PropertyValueSpecification\",\"valueRequired\":true,\"valueName\":\"search_term_string\"}}],\"inLanguage\":\"fr-BE\"},{\"@type\":\"Organization\",\"@id\":\"https:\/\/explora-renaix.be\/#organization\",\"name\":\"Ecole fondamentale Explora Renaix - GO ! Basisschool Explora Ronse\",\"url\":\"https:\/\/explora-renaix.be\/\",\"logo\":{\"@type\":\"ImageObject\",\"inLanguage\":\"fr-BE\",\"@id\":\"https:\/\/explora-renaix.be\/#\/schema\/logo\/image\/\",\"url\":\"https:\/\/explora-renaix.be\/wp-content\/uploads\/2022\/12\/cropped-arbre-icon.png\",\"contentUrl\":\"https:\/\/explora-renaix.be\/wp-content\/uploads\/2022\/12\/cropped-arbre-icon.png\",\"width\":544,\"height\":602,\"caption\":\"Ecole fondamentale Explora Renaix - GO ! Basisschool Explora Ronse\"},\"image\":{\"@id\":\"https:\/\/explora-renaix.be\/#\/schema\/logo\/image\/\"}}]}<\/script>\n<!-- \/ Yoast SEO plugin. -->","yoast_head_json":{"title":"Infos utiles - Ecole fondamentale Explora Renaix - GO ! Basisschool Explora Ronse","robots":{"index":"index","follow":"follow","max-snippet":"max-snippet:-1","max-image-preview":"max-image-preview:large","max-video-preview":"max-video-preview:-1"},"canonical":"https:\/\/explora-renaix.be\/index.php\/infos-utiles\/","og_locale":"fr_FR","og_type":"article","og_title":"Infos utiles - Ecole fondamentale Explora Renaix - GO ! Basisschool Explora Ronse","og_description":"La page de r\u00e9f\u00e9rence pour retrouver tous nos documents&#8230;","og_url":"https:\/\/explora-renaix.be\/index.php\/infos-utiles\/","og_site_name":"Ecole fondamentale Explora Renaix - GO ! Basisschool Explora Ronse","article_modified_time":"2023-01-10T20:20:44+00:00","twitter_card":"summary_large_image","twitter_misc":{"Dur\u00e9e de lecture est.":"1 minute"},"schema":{"@context":"https:\/\/schema.org","@graph":[{"@type":"WebPage","@id":"https:\/\/explora-renaix.be\/index.php\/infos-utiles\/","url":"https:\/\/explora-renaix.be\/index.php\/infos-utiles\/","name":"Infos utiles - Ecole fondamentale Explora Renaix - GO ! Basisschool Explora Ronse","isPartOf":{"@id":"https:\/\/explora-renaix.be\/#website"},"datePublished":"2022-12-29T21:19:18+00:00","dateModified":"2023-01-10T20:20:44+00:00","breadcrumb":{"@id":"https:\/\/explora-renaix.be\/index.php\/infos-utiles\/#breadcrumb"},"inLanguage":"fr-BE","potentialAction":[{"@type":"ReadAction","target":["https:\/\/explora-renaix.be\/index.php\/infos-utiles\/"]}]},{"@type":"BreadcrumbList","@id":"https:\/\/explora-renaix.be\/index.php\/infos-utiles\/#breadcrumb","itemListElement":[{"@type":"ListItem","position":1,"name":"Accueil","item":"https:\/\/explora-renaix.be\/"},{"@type":"ListItem","position":2,"name":"Infos utiles"}]},{"@type":"WebSite","@id":"https:\/\/explora-renaix.be\/#website","url":"https:\/\/explora-renaix.be\/","name":"Ecole fondamentale Explora Renaix - GO ! Basisschool Explora Ronse","description":"L&#039;\u00e9cole o\u00f9 il fait bon apprendre en waar kinderen gelukkig zijn !!","publisher":{"@id":"https:\/\/explora-renaix.be\/#organization"},"potentialAction":[{"@type":"SearchAction","target":{"@type":"EntryPoint","urlTemplate":"https:\/\/explora-renaix.be\/?s={search_term_string}"},"query-input":{"@type":"PropertyValueSpecification","valueRequired":true,"valueName":"search_term_string"}}],"inLanguage":"fr-BE"},{"@type":"Organization","@id":"https:\/\/explora-renaix.be\/#organization","name":"Ecole fondamentale Explora Renaix - GO ! Basisschool Explora Ronse","url":"https:\/\/explora-renaix.be\/","logo":{"@type":"ImageObject","inLanguage":"fr-BE","@id":"https:\/\/explora-renaix.be\/#\/schema\/logo\/image\/","url":"https:\/\/explora-renaix.be\/wp-content\/uploads\/2022\/12\/cropped-arbre-icon.png","contentUrl":"https:\/\/explora-renaix.be\/wp-content\/uploads\/2022\/12\/cropped-arbre-icon.png","width":544,"height":602,"caption":"Ecole fondamentale Explora Renaix - GO ! Basisschool Explora Ronse"},"image":{"@id":"https:\/\/explora-renaix.be\/#\/schema\/logo\/image\/"}}]}},"_links":{"self":[{"href":"https:\/\/explora-renaix.be\/index.php\/wp-json\/wp\/v2\/pages\/72","targetHints":{"allow":["GET"]}}],"collection":[{"href":"https:\/\/explora-renaix.be\/index.php\/wp-json\/wp\/v2\/pages"}],"about":[{"href":"https:\/\/explora-renaix.be\/index.php\/wp-json\/wp\/v2\/types\/page"}],"author":[{"embeddable":true,"href":"https:\/\/explora-renaix.be\/index.php\/wp-json\/wp\/v2\/users\/1"}],"replies":[{"embeddable":true,"href":"https:\/\/explora-renaix.be\/index.php\/wp-json\/wp\/v2\/comments?post=72"}],"version-history":[{"count":4,"href":"https:\/\/explora-renaix.be\/index.php\/wp-json\/wp\/v2\/pages\/72\/revisions"}],"predecessor-version":[{"id":512,"href":"https:\/\/explora-renaix.be\/index.php\/wp-json\/wp\/v2\/pages\/72\/revisions\/512"}],"wp:attachment":[{"href":"https:\/\/explora-renaix.be\/index.php\/wp-json\/wp\/v2\/media?parent=72"}],"curies":[{"name":"wp","href":"https:\/\/api.w.org\/{rel}","templated":true}]}}