{"id":618,"date":"2023-02-03T09:52:16","date_gmt":"2023-02-03T09:52:16","guid":{"rendered":"https:\/\/ecoledecroly-renaix.be\/?page_id=618"},"modified":"2026-03-23T09:50:35","modified_gmt":"2026-03-23T08:50:35","slug":"menus","status":"publish","type":"page","link":"https:\/\/explora-renaix.be\/index.php\/menus\/","title":{"rendered":"Menus"},"content":{"rendered":"\n<p>Voici les menus des mois \u00e0 venir.<\/p>\n\n\n\n<figure class=\"wp-block-image size-large\"><img loading=\"lazy\" decoding=\"async\" width=\"1024\" height=\"724\" src=\"https:\/\/explora-renaix.be\/wp-content\/uploads\/2026\/03\/Menu-mars-halal-1024x724.jpg\" alt=\"\" class=\"wp-image-779\" srcset=\"https:\/\/explora-renaix.be\/wp-content\/uploads\/2026\/03\/Menu-mars-halal-1024x724.jpg 1024w, https:\/\/explora-renaix.be\/wp-content\/uploads\/2026\/03\/Menu-mars-halal-300x212.jpg 300w, https:\/\/explora-renaix.be\/wp-content\/uploads\/2026\/03\/Menu-mars-halal-768x543.jpg 768w, https:\/\/explora-renaix.be\/wp-content\/uploads\/2026\/03\/Menu-mars-halal-1536x1086.jpg 1536w, https:\/\/explora-renaix.be\/wp-content\/uploads\/2026\/03\/Menu-mars-halal-2048x1448.jpg 2048w\" sizes=\"auto, (max-width: 1024px) 100vw, 1024px\" \/><\/figure>\n\n\n\n<figure class=\"wp-block-image size-large\"><img loading=\"lazy\" decoding=\"async\" width=\"1024\" height=\"724\" src=\"https:\/\/explora-renaix.be\/wp-content\/uploads\/2026\/03\/Menu-mars-tradi-1024x724.jpg\" alt=\"\" class=\"wp-image-780\" srcset=\"https:\/\/explora-renaix.be\/wp-content\/uploads\/2026\/03\/Menu-mars-tradi-1024x724.jpg 1024w, https:\/\/explora-renaix.be\/wp-content\/uploads\/2026\/03\/Menu-mars-tradi-300x212.jpg 300w, https:\/\/explora-renaix.be\/wp-content\/uploads\/2026\/03\/Menu-mars-tradi-768x543.jpg 768w, https:\/\/explora-renaix.be\/wp-content\/uploads\/2026\/03\/Menu-mars-tradi-1536x1086.jpg 1536w, https:\/\/explora-renaix.be\/wp-content\/uploads\/2026\/03\/Menu-mars-tradi-2048x1448.jpg 2048w\" sizes=\"auto, (max-width: 1024px) 100vw, 1024px\" \/><\/figure>\n\n\n\n<figure class=\"wp-block-image size-large\"><img loading=\"lazy\" decoding=\"async\" width=\"1024\" height=\"724\" src=\"https:\/\/explora-renaix.be\/wp-content\/uploads\/2026\/03\/Menu-avril-halal-1024x724.jpg\" alt=\"\" class=\"wp-image-782\" srcset=\"https:\/\/explora-renaix.be\/wp-content\/uploads\/2026\/03\/Menu-avril-halal-1024x724.jpg 1024w, https:\/\/explora-renaix.be\/wp-content\/uploads\/2026\/03\/Menu-avril-halal-300x212.jpg 300w, https:\/\/explora-renaix.be\/wp-content\/uploads\/2026\/03\/Menu-avril-halal-768x543.jpg 768w, https:\/\/explora-renaix.be\/wp-content\/uploads\/2026\/03\/Menu-avril-halal-1536x1086.jpg 1536w, https:\/\/explora-renaix.be\/wp-content\/uploads\/2026\/03\/Menu-avril-halal-2048x1448.jpg 2048w\" sizes=\"auto, (max-width: 1024px) 100vw, 1024px\" \/><\/figure>\n\n\n\n<figure class=\"wp-block-image size-large\"><img loading=\"lazy\" decoding=\"async\" width=\"1024\" height=\"724\" src=\"https:\/\/explora-renaix.be\/wp-content\/uploads\/2026\/03\/Menu-avril-tradi-1024x724.jpg\" alt=\"\" class=\"wp-image-783\" srcset=\"https:\/\/explora-renaix.be\/wp-content\/uploads\/2026\/03\/Menu-avril-tradi-1024x724.jpg 1024w, https:\/\/explora-renaix.be\/wp-content\/uploads\/2026\/03\/Menu-avril-tradi-300x212.jpg 300w, https:\/\/explora-renaix.be\/wp-content\/uploads\/2026\/03\/Menu-avril-tradi-768x543.jpg 768w, https:\/\/explora-renaix.be\/wp-content\/uploads\/2026\/03\/Menu-avril-tradi-1536x1086.jpg 1536w, https:\/\/explora-renaix.be\/wp-content\/uploads\/2026\/03\/Menu-avril-tradi-2048x1448.jpg 2048w\" sizes=\"auto, (max-width: 1024px) 100vw, 1024px\" \/><\/figure>\n\n\n\n<figure class=\"wp-block-image size-large\"><img loading=\"lazy\" decoding=\"async\" width=\"1024\" height=\"724\" src=\"https:\/\/explora-renaix.be\/wp-content\/uploads\/2026\/03\/Menu-mai-halal-1024x724.jpg\" alt=\"\" class=\"wp-image-800\" srcset=\"https:\/\/explora-renaix.be\/wp-content\/uploads\/2026\/03\/Menu-mai-halal-1024x724.jpg 1024w, https:\/\/explora-renaix.be\/wp-content\/uploads\/2026\/03\/Menu-mai-halal-300x212.jpg 300w, https:\/\/explora-renaix.be\/wp-content\/uploads\/2026\/03\/Menu-mai-halal-768x543.jpg 768w, https:\/\/explora-renaix.be\/wp-content\/uploads\/2026\/03\/Menu-mai-halal-1536x1086.jpg 1536w, https:\/\/explora-renaix.be\/wp-content\/uploads\/2026\/03\/Menu-mai-halal-2048x1448.jpg 2048w\" sizes=\"auto, (max-width: 1024px) 100vw, 1024px\" \/><\/figure>\n\n\n\n<figure class=\"wp-block-image size-large\"><img loading=\"lazy\" decoding=\"async\" width=\"1024\" height=\"724\" src=\"https:\/\/explora-renaix.be\/wp-content\/uploads\/2026\/03\/Menu-mai-tradi-1024x724.jpg\" alt=\"\" class=\"wp-image-798\" srcset=\"https:\/\/explora-renaix.be\/wp-content\/uploads\/2026\/03\/Menu-mai-tradi-1024x724.jpg 1024w, https:\/\/explora-renaix.be\/wp-content\/uploads\/2026\/03\/Menu-mai-tradi-300x212.jpg 300w, https:\/\/explora-renaix.be\/wp-content\/uploads\/2026\/03\/Menu-mai-tradi-768x543.jpg 768w, https:\/\/explora-renaix.be\/wp-content\/uploads\/2026\/03\/Menu-mai-tradi-1536x1086.jpg 1536w, https:\/\/explora-renaix.be\/wp-content\/uploads\/2026\/03\/Menu-mai-tradi-2048x1448.jpg 2048w\" sizes=\"auto, (max-width: 1024px) 100vw, 1024px\" \/><\/figure>\n\n\n\n<p>LISTE DES ALLERGENES<\/p>\n\n\n\n<hr class=\"wp-block-separator has-alpha-channel-opacity\"\/>\n\n\n\n<ul class=\"wp-block-list\">\n<li><strong>1.<\/strong>&nbsp;<strong>C\u00e9r\u00e9ales contenant du gluten<\/strong>, \u00e0 savoir&nbsp;<strong>bl\u00e9<\/strong>&nbsp;(comme \u00e9peautre et bl\u00e9 de Khorasan),&nbsp;<strong>seigle, orge, avoine&nbsp;<\/strong>ou leurs souches hybrid\u00e9es, et produits \u00e0 base de ces c\u00e9r\u00e9ales, \u00e0 l\u2019exception des:a) sirops de glucose \u00e0 base de bl\u00e9, y compris le dextrose ;<br>b) maltodextrines \u00e0 base de bl\u00e9 ;<br>c) sirops de glucose \u00e0 base d\u2019orge ;<br>d) c\u00e9r\u00e9ales utilis\u00e9es pour la fabrication de distillats alcooliques, y compris d\u2019alcool \u00e9thylique d\u2019origine agricole.<br>&nbsp;<\/li>\n\n\n\n<li><strong>2. Crustac\u00e9s&nbsp;<\/strong>et produits \u00e0 base de crustac\u00e9s.<br>&nbsp;<\/li>\n\n\n\n<li><strong>3. \u0152ufs<\/strong>&nbsp;et produits \u00e0 base d\u2019\u0153ufs.<br>&nbsp;<\/li>\n\n\n\n<li><strong>4. Poissons<\/strong>&nbsp;et produits \u00e0 base de poissons, \u00e0 l\u2019exception de:<\/li>\n<\/ul>\n\n\n\n<p>a) la g\u00e9latine de poisson utilis\u00e9e comme support pour les pr\u00e9parations de vitamines ou de carot\u00e9no\u00efdes ;<br>b) la g\u00e9latine de poisson ou de l\u2019ichtyocolle utilis\u00e9e comme agent de clarification dans la bi\u00e8re et le vin.<\/p>\n\n\n\n<ul class=\"wp-block-list\">\n<li><strong>5. Arachides<\/strong>&nbsp;et produits \u00e0 base d\u2019arachides.<br>&nbsp;<\/li>\n\n\n\n<li><strong>6. Soja<\/strong>&nbsp;et produits \u00e0 base de soja, \u00e0 l\u2019exception:<\/li>\n<\/ul>\n\n\n\n<p>a) de l\u2019huile et de la graisse de soja enti\u00e8rement raffin\u00e9es ;<br>b) des tocoph\u00e9rols mixtes naturels (E306), du D-alpha-tocoph\u00e9rol naturel, de l\u2019ac\u00e9tate de D-alpha-tocoph\u00e9ryl naturel et du succinate de D-alpha-tocoph\u00e9ryl naturel d\u00e9riv\u00e9s du soja ;<br>c) des phytost\u00e9rols et esters de phytost\u00e9rol d\u00e9riv\u00e9s d\u2019huiles v\u00e9g\u00e9tales de soja ;<br>d) de l\u2019ester de stanol v\u00e9g\u00e9tal produit \u00e0 partir de st\u00e9rols d\u00e9riv\u00e9s d\u2019huiles v\u00e9g\u00e9tales de soja.<\/p>\n\n\n\n<ul class=\"wp-block-list\">\n<li><strong>7. Lait<\/strong>&nbsp;et produits \u00e0 base de lait (y compris le lactose), \u00e0 l\u2019exception:<\/li>\n<\/ul>\n\n\n\n<p>a) du lactos\u00e9rum utilis\u00e9 pour la fabrication de distillats alcooliques, y compris d\u2019alcool \u00e9thylique d\u2019origine agricole;<br>b) du lactitol.<\/p>\n\n\n\n<ul class=\"wp-block-list\">\n<li><strong>8. Fruits \u00e0 coque<\/strong>, \u00e0 savoir:&nbsp;<strong>amandes, noisettes, noix, noix de cajou, noix de p\u00e9can, noix du Br\u00e9sil, pistaches, noix de Macadamia&nbsp;<\/strong>ou du Queensland, et produits \u00e0 base de ces fruits, \u00e0 l\u2019exception des fruits \u00e0 coque utilis\u00e9s pour la fabrication de distillats alcooliques, y compris d\u2019alcool \u00e9thylique d\u2019origine agricole.<br>&nbsp;<\/li>\n\n\n\n<li><strong>9. C\u00e9leri&nbsp;<\/strong>et produits \u00e0 base de c\u00e9leri.<br>&nbsp;<\/li>\n\n\n\n<li><strong>10.<\/strong>&nbsp;<strong>Moutarde<\/strong>&nbsp;et produits \u00e0 base de moutarde.<br>&nbsp;<\/li>\n\n\n\n<li><strong>11.<\/strong>&nbsp;<strong>Graines de s\u00e9same&nbsp;<\/strong>et produits \u00e0 base de graines de s\u00e9same.<br>&nbsp;<\/li>\n\n\n\n<li><strong>12. Anhydride sulfureux et sulfites&nbsp;<\/strong>en concentrations de plus de 10 mg\/kg ou 10 mg\/litre en termes de SO2 total pour les produits propos\u00e9s pr\u00eats \u00e0 consommer ou reconstitu\u00e9s conform\u00e9ment aux instructions du fabricant.<br>&nbsp;<\/li>\n\n\n\n<li><strong>13. Lupin<\/strong>&nbsp;et produits \u00e0 base de lupin.<br>&nbsp;<\/li>\n\n\n\n<li><strong>14. Mollusques&nbsp;<\/strong>et produits \u00e0 base de mollusques.<\/li>\n<\/ul>\n","protected":false},"excerpt":{"rendered":"<p>Voici les menus des mois \u00e0 venir. LISTE DES ALLERGENES a) la g\u00e9latine de poisson utilis\u00e9e comme support pour les pr\u00e9parations de vitamines ou de carot\u00e9no\u00efdes ;b) la g\u00e9latine de poisson ou de l\u2019ichtyocolle utilis\u00e9e comme agent de clarification dans la bi\u00e8re et le vin. a) de l\u2019huile et de [&hellip;]<\/p>\n","protected":false},"author":1,"featured_media":0,"parent":0,"menu_order":0,"comment_status":"closed","ping_status":"closed","template":"","meta":{"_EventAllDay":false,"_EventTimezone":"","_EventStartDate":"","_EventEndDate":"","_EventStartDateUTC":"","_EventEndDateUTC":"","_EventShowMap":false,"_EventShowMapLink":false,"_EventURL":"","_EventCost":"","_EventCostDescription":"","_EventCurrencySymbol":"","_EventCurrencyCode":"","_EventCurrencyPosition":"","_EventDateTimeSeparator":"","_EventTimeRangeSeparator":"","_EventOrganizerID":[],"_EventVenueID":[],"_OrganizerEmail":"","_OrganizerPhone":"","_OrganizerWebsite":"","_VenueAddress":"","_VenueCity":"","_VenueCountry":"","_VenueProvince":"","_VenueState":"","_VenueZip":"","_VenuePhone":"","_VenueURL":"","_VenueStateProvince":"","_VenueLat":"","_VenueLng":"","_VenueShowMap":false,"_VenueShowMapLink":false,"footnotes":""},"class_list":["post-618","page","type-page","status-publish","hentry"],"yoast_head":"<!-- This site is optimized with the Yoast SEO plugin v26.4 - https:\/\/yoast.com\/wordpress\/plugins\/seo\/ -->\n<title>Menus - Ecole fondamentale Explora Renaix - GO ! Basisschool Explora Ronse<\/title>\n<meta name=\"description\" content=\"Vous trouverez ici les menus des mois \u00e0 venir !\" \/>\n<meta name=\"robots\" content=\"index, follow, max-snippet:-1, max-image-preview:large, max-video-preview:-1\" \/>\n<link rel=\"canonical\" href=\"https:\/\/explora-renaix.be\/index.php\/menus\/\" \/>\n<meta property=\"og:locale\" content=\"fr_FR\" \/>\n<meta property=\"og:type\" content=\"article\" \/>\n<meta property=\"og:title\" content=\"Menus - Ecole fondamentale Explora Renaix - GO ! Basisschool Explora Ronse\" \/>\n<meta property=\"og:description\" content=\"Vous trouverez ici les menus des mois \u00e0 venir !\" \/>\n<meta property=\"og:url\" content=\"https:\/\/explora-renaix.be\/index.php\/menus\/\" \/>\n<meta property=\"og:site_name\" content=\"Ecole fondamentale Explora Renaix - GO ! Basisschool Explora Ronse\" \/>\n<meta property=\"article:modified_time\" content=\"2026-03-23T08:50:35+00:00\" \/>\n<meta property=\"og:image\" content=\"https:\/\/explora-renaix.be\/wp-content\/uploads\/2026\/03\/Menu-mars-halal.jpg\" \/>\n\t<meta property=\"og:image:width\" content=\"2339\" \/>\n\t<meta property=\"og:image:height\" content=\"1654\" \/>\n\t<meta property=\"og:image:type\" content=\"image\/jpeg\" \/>\n<meta name=\"twitter:card\" content=\"summary_large_image\" \/>\n<meta name=\"twitter:label1\" content=\"Dur\u00e9e de lecture est.\" \/>\n\t<meta name=\"twitter:data1\" content=\"4 minutes\" \/>\n<script type=\"application\/ld+json\" class=\"yoast-schema-graph\">{\"@context\":\"https:\/\/schema.org\",\"@graph\":[{\"@type\":\"WebPage\",\"@id\":\"https:\/\/explora-renaix.be\/index.php\/menus\/\",\"url\":\"https:\/\/explora-renaix.be\/index.php\/menus\/\",\"name\":\"Menus - Ecole fondamentale Explora Renaix - GO ! Basisschool Explora Ronse\",\"isPartOf\":{\"@id\":\"https:\/\/explora-renaix.be\/#website\"},\"primaryImageOfPage\":{\"@id\":\"https:\/\/explora-renaix.be\/index.php\/menus\/#primaryimage\"},\"image\":{\"@id\":\"https:\/\/explora-renaix.be\/index.php\/menus\/#primaryimage\"},\"thumbnailUrl\":\"https:\/\/explora-renaix.be\/wp-content\/uploads\/2026\/03\/Menu-mars-halal-1024x724.jpg\",\"datePublished\":\"2023-02-03T09:52:16+00:00\",\"dateModified\":\"2026-03-23T08:50:35+00:00\",\"description\":\"Vous trouverez ici les menus des mois \u00e0 venir !\",\"breadcrumb\":{\"@id\":\"https:\/\/explora-renaix.be\/index.php\/menus\/#breadcrumb\"},\"inLanguage\":\"fr-BE\",\"potentialAction\":[{\"@type\":\"ReadAction\",\"target\":[\"https:\/\/explora-renaix.be\/index.php\/menus\/\"]}]},{\"@type\":\"ImageObject\",\"inLanguage\":\"fr-BE\",\"@id\":\"https:\/\/explora-renaix.be\/index.php\/menus\/#primaryimage\",\"url\":\"https:\/\/explora-renaix.be\/wp-content\/uploads\/2026\/03\/Menu-mars-halal.jpg\",\"contentUrl\":\"https:\/\/explora-renaix.be\/wp-content\/uploads\/2026\/03\/Menu-mars-halal.jpg\",\"width\":2339,\"height\":1654},{\"@type\":\"BreadcrumbList\",\"@id\":\"https:\/\/explora-renaix.be\/index.php\/menus\/#breadcrumb\",\"itemListElement\":[{\"@type\":\"ListItem\",\"position\":1,\"name\":\"Accueil\",\"item\":\"https:\/\/explora-renaix.be\/\"},{\"@type\":\"ListItem\",\"position\":2,\"name\":\"Menus\"}]},{\"@type\":\"WebSite\",\"@id\":\"https:\/\/explora-renaix.be\/#website\",\"url\":\"https:\/\/explora-renaix.be\/\",\"name\":\"Ecole fondamentale Explora Renaix - GO ! Basisschool Explora Ronse\",\"description\":\"L&#039;\u00e9cole o\u00f9 il fait bon apprendre en waar kinderen gelukkig zijn !!\",\"publisher\":{\"@id\":\"https:\/\/explora-renaix.be\/#organization\"},\"potentialAction\":[{\"@type\":\"SearchAction\",\"target\":{\"@type\":\"EntryPoint\",\"urlTemplate\":\"https:\/\/explora-renaix.be\/?s={search_term_string}\"},\"query-input\":{\"@type\":\"PropertyValueSpecification\",\"valueRequired\":true,\"valueName\":\"search_term_string\"}}],\"inLanguage\":\"fr-BE\"},{\"@type\":\"Organization\",\"@id\":\"https:\/\/explora-renaix.be\/#organization\",\"name\":\"Ecole fondamentale Explora Renaix - GO ! Basisschool Explora Ronse\",\"url\":\"https:\/\/explora-renaix.be\/\",\"logo\":{\"@type\":\"ImageObject\",\"inLanguage\":\"fr-BE\",\"@id\":\"https:\/\/explora-renaix.be\/#\/schema\/logo\/image\/\",\"url\":\"https:\/\/explora-renaix.be\/wp-content\/uploads\/2022\/12\/cropped-arbre-icon.png\",\"contentUrl\":\"https:\/\/explora-renaix.be\/wp-content\/uploads\/2022\/12\/cropped-arbre-icon.png\",\"width\":544,\"height\":602,\"caption\":\"Ecole fondamentale Explora Renaix - GO ! Basisschool Explora Ronse\"},\"image\":{\"@id\":\"https:\/\/explora-renaix.be\/#\/schema\/logo\/image\/\"}}]}<\/script>\n<!-- \/ Yoast SEO plugin. -->","yoast_head_json":{"title":"Menus - Ecole fondamentale Explora Renaix - GO ! Basisschool Explora Ronse","description":"Vous trouverez ici les menus des mois \u00e0 venir !","robots":{"index":"index","follow":"follow","max-snippet":"max-snippet:-1","max-image-preview":"max-image-preview:large","max-video-preview":"max-video-preview:-1"},"canonical":"https:\/\/explora-renaix.be\/index.php\/menus\/","og_locale":"fr_FR","og_type":"article","og_title":"Menus - Ecole fondamentale Explora Renaix - GO ! Basisschool Explora Ronse","og_description":"Vous trouverez ici les menus des mois \u00e0 venir !","og_url":"https:\/\/explora-renaix.be\/index.php\/menus\/","og_site_name":"Ecole fondamentale Explora Renaix - GO ! Basisschool Explora Ronse","article_modified_time":"2026-03-23T08:50:35+00:00","og_image":[{"width":2339,"height":1654,"url":"https:\/\/explora-renaix.be\/wp-content\/uploads\/2026\/03\/Menu-mars-halal.jpg","type":"image\/jpeg"}],"twitter_card":"summary_large_image","twitter_misc":{"Dur\u00e9e de lecture est.":"4 minutes"},"schema":{"@context":"https:\/\/schema.org","@graph":[{"@type":"WebPage","@id":"https:\/\/explora-renaix.be\/index.php\/menus\/","url":"https:\/\/explora-renaix.be\/index.php\/menus\/","name":"Menus - Ecole fondamentale Explora Renaix - GO ! Basisschool Explora Ronse","isPartOf":{"@id":"https:\/\/explora-renaix.be\/#website"},"primaryImageOfPage":{"@id":"https:\/\/explora-renaix.be\/index.php\/menus\/#primaryimage"},"image":{"@id":"https:\/\/explora-renaix.be\/index.php\/menus\/#primaryimage"},"thumbnailUrl":"https:\/\/explora-renaix.be\/wp-content\/uploads\/2026\/03\/Menu-mars-halal-1024x724.jpg","datePublished":"2023-02-03T09:52:16+00:00","dateModified":"2026-03-23T08:50:35+00:00","description":"Vous trouverez ici les menus des mois \u00e0 venir !","breadcrumb":{"@id":"https:\/\/explora-renaix.be\/index.php\/menus\/#breadcrumb"},"inLanguage":"fr-BE","potentialAction":[{"@type":"ReadAction","target":["https:\/\/explora-renaix.be\/index.php\/menus\/"]}]},{"@type":"ImageObject","inLanguage":"fr-BE","@id":"https:\/\/explora-renaix.be\/index.php\/menus\/#primaryimage","url":"https:\/\/explora-renaix.be\/wp-content\/uploads\/2026\/03\/Menu-mars-halal.jpg","contentUrl":"https:\/\/explora-renaix.be\/wp-content\/uploads\/2026\/03\/Menu-mars-halal.jpg","width":2339,"height":1654},{"@type":"BreadcrumbList","@id":"https:\/\/explora-renaix.be\/index.php\/menus\/#breadcrumb","itemListElement":[{"@type":"ListItem","position":1,"name":"Accueil","item":"https:\/\/explora-renaix.be\/"},{"@type":"ListItem","position":2,"name":"Menus"}]},{"@type":"WebSite","@id":"https:\/\/explora-renaix.be\/#website","url":"https:\/\/explora-renaix.be\/","name":"Ecole fondamentale Explora Renaix - GO ! Basisschool Explora Ronse","description":"L&#039;\u00e9cole o\u00f9 il fait bon apprendre en waar kinderen gelukkig zijn !!","publisher":{"@id":"https:\/\/explora-renaix.be\/#organization"},"potentialAction":[{"@type":"SearchAction","target":{"@type":"EntryPoint","urlTemplate":"https:\/\/explora-renaix.be\/?s={search_term_string}"},"query-input":{"@type":"PropertyValueSpecification","valueRequired":true,"valueName":"search_term_string"}}],"inLanguage":"fr-BE"},{"@type":"Organization","@id":"https:\/\/explora-renaix.be\/#organization","name":"Ecole fondamentale Explora Renaix - GO ! Basisschool Explora Ronse","url":"https:\/\/explora-renaix.be\/","logo":{"@type":"ImageObject","inLanguage":"fr-BE","@id":"https:\/\/explora-renaix.be\/#\/schema\/logo\/image\/","url":"https:\/\/explora-renaix.be\/wp-content\/uploads\/2022\/12\/cropped-arbre-icon.png","contentUrl":"https:\/\/explora-renaix.be\/wp-content\/uploads\/2022\/12\/cropped-arbre-icon.png","width":544,"height":602,"caption":"Ecole fondamentale Explora Renaix - GO ! Basisschool Explora Ronse"},"image":{"@id":"https:\/\/explora-renaix.be\/#\/schema\/logo\/image\/"}}]}},"_links":{"self":[{"href":"https:\/\/explora-renaix.be\/index.php\/wp-json\/wp\/v2\/pages\/618","targetHints":{"allow":["GET"]}}],"collection":[{"href":"https:\/\/explora-renaix.be\/index.php\/wp-json\/wp\/v2\/pages"}],"about":[{"href":"https:\/\/explora-renaix.be\/index.php\/wp-json\/wp\/v2\/types\/page"}],"author":[{"embeddable":true,"href":"https:\/\/explora-renaix.be\/index.php\/wp-json\/wp\/v2\/users\/1"}],"replies":[{"embeddable":true,"href":"https:\/\/explora-renaix.be\/index.php\/wp-json\/wp\/v2\/comments?post=618"}],"version-history":[{"count":10,"href":"https:\/\/explora-renaix.be\/index.php\/wp-json\/wp\/v2\/pages\/618\/revisions"}],"predecessor-version":[{"id":801,"href":"https:\/\/explora-renaix.be\/index.php\/wp-json\/wp\/v2\/pages\/618\/revisions\/801"}],"wp:attachment":[{"href":"https:\/\/explora-renaix.be\/index.php\/wp-json\/wp\/v2\/media?parent=618"}],"curies":[{"name":"wp","href":"https:\/\/api.w.org\/{rel}","templated":true}]}}