{"id":55,"date":"2022-12-29T20:49:44","date_gmt":"2022-12-29T20:49:44","guid":{"rendered":"https:\/\/ecoledecroly-renaix.be\/?page_id=55"},"modified":"2023-01-10T20:06:56","modified_gmt":"2023-01-10T20:06:56","slug":"soroban","status":"publish","type":"page","link":"https:\/\/explora-renaix.be\/index.php\/soroban\/","title":{"rendered":"Soroban"},"content":{"rendered":"\n<p>Le soroban est un type de calculatrice manuelle qui utilise des perles en bois ou en plastique pour repr\u00e9senter et manipuler les chiffres. Il a \u00e9t\u00e9 invent\u00e9 au Japon et est encore largement utilis\u00e9 dans l&rsquo;enseignement des math\u00e9matiques en Asie. Il est souvent compar\u00e9 au boulier fran\u00e7ais qui est un outil similaire mais moins performant.<\/p>\n\n\n\n<p>Le soroban est consid\u00e9r\u00e9 comme \u00e9tant un moyen efficace d&rsquo;apprendre \u00e0 effectuer des calculs rapidement et de mani\u00e8re pr\u00e9cise. De nombreuses personnes l&rsquo;utilisent dans le monde pour pratiquer la m\u00e9ditation et am\u00e9liorer la concentration.<\/p>\n\n\n\n<!-- Page-list plugin v.5.9 wordpress.org\/plugins\/page-list\/ -->\n<div class=\"page-list page-list-ext \">\n<div class=\"page-list-ext-item\"><div class=\"page-list-ext-image\"><a href=\"https:\/\/explora-renaix.be\/index.php\/soroban\/conseils\/\" title=\"Conseils\"><img decoding=\"async\" src=\"https:\/\/explora-renaix.be\/wp-content\/uploads\/2023\/01\/soroban-conseils-150x150.webp\" width=\"150\" alt=\"Conseils\" \/><\/a><\/div> <h3 class=\"page-list-ext-title\"><a href=\"https:\/\/explora-renaix.be\/index.php\/soroban\/conseils\/\" title=\"Conseils\">Conseils<\/a><\/h3><div class=\"page-list-ext-item-content\">\nVoici quelques conseils pour vous accompagner lors de votre achat : \n\n\n\n\nAssurez-vous que les perles soient clairement visibles et que les barres qui repr\u00e9sentent les unit\u00e9s, les dizaines, etc. soient bien espac\u00e9es. \n\n\n\nChoisissez un soroban avec un...<\/div><\/div>\n<div class=\"page-list-ext-item\"><div class=\"page-list-ext-image\"><a href=\"https:\/\/explora-renaix.be\/index.php\/soroban\/la-methode\/\" title=\"M\u00e9thode\"><img decoding=\"async\" src=\"https:\/\/explora-renaix.be\/wp-content\/uploads\/2023\/01\/P1240310-1200-150x150.jpg\" width=\"150\" alt=\"M\u00e9thode\" \/><\/a><\/div> <h3 class=\"page-list-ext-title\"><a href=\"https:\/\/explora-renaix.be\/index.php\/soroban\/la-methode\/\" title=\"M\u00e9thode\">M\u00e9thode<\/a><\/h3><div class=\"page-list-ext-item-content\">\nA l'\u00e9cole Decroly de Renaix, nous utilisons la m\u00e9thode soroban (aussi appel\u00e9e ABACUS) pour d\u00e9velopper les comp\u00e9tences arithm\u00e9tiques de nos \u00e9l\u00e8ves. \n\n\n\nDe nombreuses \u00e9tudes et son utilisation massive dans les \u00e9coles japonaises ont d\u00e9montr\u00e9 qu'utiliser...<\/div><\/div>\n<div class=\"page-list-ext-item\"><div class=\"page-list-ext-image\"><a href=\"https:\/\/explora-renaix.be\/index.php\/soroban\/soroban-en-ligne\/\" title=\"Soroban en ligne\"><img decoding=\"async\" src=\"https:\/\/explora-renaix.be\/wp-content\/uploads\/2023\/01\/soroban-online-1-150x150.png\" width=\"150\" alt=\"Soroban en ligne\" \/><\/a><\/div> <h3 class=\"page-list-ext-title\"><a href=\"https:\/\/explora-renaix.be\/index.php\/soroban\/soroban-en-ligne\/\" title=\"Soroban en ligne\">Soroban en ligne<\/a><\/h3><div class=\"page-list-ext-item-content\">\nTon soroban est rest\u00e9 \u00e0 l'\u00e9cole ? \n\n\n\nPas de souci, clique sur le bouton et tu seras redirig\u00e9 ! \n\n\n\n\nSoroban en ligne  \n \n<\/div><\/div>\n<div class=\"page-list-ext-item\"><div class=\"page-list-ext-image\"><a href=\"https:\/\/explora-renaix.be\/index.php\/soroban\/exercices-soroban\/\" title=\"Exercices\"><img decoding=\"async\" src=\"https:\/\/explora-renaix.be\/wp-content\/uploads\/2023\/01\/DSCN2645-1200-150x150.jpg\" width=\"150\" alt=\"Exercices\" \/><\/a><\/div> <h3 class=\"page-list-ext-title\"><a href=\"https:\/\/explora-renaix.be\/index.php\/soroban\/exercices-soroban\/\" title=\"Exercices\">Exercices<\/a><\/h3><div class=\"page-list-ext-item-content\">\nL'apprentissage du soroban est progressif. Il faut prendre son temps. \n\n\n\nUn ma\u00eetre soroban disait \u00e0 ses \u00e9l\u00e8ves : \"Il n'y a pas d'ascenseur pour apprendre le soroban, vous devez prendre les escaliers !\" \n\n\n\nA l'\u00e9cole Decroly, nous apprenons par nive...<\/div><\/div>\n\n<\/div>\n","protected":false},"excerpt":{"rendered":"<p>Le soroban est un type de calculatrice manuelle qui utilise des perles en bois ou en plastique pour repr\u00e9senter et manipuler les chiffres. Il a \u00e9t\u00e9 invent\u00e9 au Japon et est encore largement utilis\u00e9 dans l&rsquo;enseignement des math\u00e9matiques en Asie. Il est souvent compar\u00e9 au boulier fran\u00e7ais qui est un [&hellip;]<\/p>\n","protected":false},"author":1,"featured_media":0,"parent":0,"menu_order":0,"comment_status":"closed","ping_status":"closed","template":"","meta":{"_EventAllDay":false,"_EventTimezone":"","_EventStartDate":"","_EventEndDate":"","_EventStartDateUTC":"","_EventEndDateUTC":"","_EventShowMap":false,"_EventShowMapLink":false,"_EventURL":"","_EventCost":"","_EventCostDescription":"","_EventCurrencySymbol":"","_EventCurrencyCode":"","_EventCurrencyPosition":"","_EventDateTimeSeparator":"","_EventTimeRangeSeparator":"","_EventOrganizerID":[],"_EventVenueID":[],"_OrganizerEmail":"","_OrganizerPhone":"","_OrganizerWebsite":"","_VenueAddress":"","_VenueCity":"","_VenueCountry":"","_VenueProvince":"","_VenueState":"","_VenueZip":"","_VenuePhone":"","_VenueURL":"","_VenueStateProvince":"","_VenueLat":"","_VenueLng":"","_VenueShowMap":false,"_VenueShowMapLink":false,"footnotes":""},"class_list":["post-55","page","type-page","status-publish","hentry"],"yoast_head":"<!-- This site is optimized with the Yoast SEO plugin v26.4 - https:\/\/yoast.com\/wordpress\/plugins\/seo\/ -->\n<title>Soroban - Ecole fondamentale Explora Renaix - GO ! Basisschool Explora Ronse<\/title>\n<meta name=\"robots\" content=\"index, follow, max-snippet:-1, max-image-preview:large, max-video-preview:-1\" \/>\n<link rel=\"canonical\" href=\"https:\/\/explora-renaix.be\/index.php\/soroban\/\" \/>\n<meta property=\"og:locale\" content=\"fr_FR\" \/>\n<meta property=\"og:type\" content=\"article\" \/>\n<meta property=\"og:title\" content=\"Soroban - Ecole fondamentale Explora Renaix - GO ! Basisschool Explora Ronse\" \/>\n<meta property=\"og:description\" content=\"Le soroban est un type de calculatrice manuelle qui utilise des perles en bois ou en plastique pour repr\u00e9senter et manipuler les chiffres. Il a \u00e9t\u00e9 invent\u00e9 au Japon et est encore largement utilis\u00e9 dans l&rsquo;enseignement des math\u00e9matiques en Asie. Il est souvent compar\u00e9 au boulier fran\u00e7ais qui est un [&hellip;]\" \/>\n<meta property=\"og:url\" content=\"https:\/\/explora-renaix.be\/index.php\/soroban\/\" \/>\n<meta property=\"og:site_name\" content=\"Ecole fondamentale Explora Renaix - GO ! Basisschool Explora Ronse\" \/>\n<meta property=\"article:modified_time\" content=\"2023-01-10T20:06:56+00:00\" \/>\n<meta name=\"twitter:card\" content=\"summary_large_image\" \/>\n<meta name=\"twitter:label1\" content=\"Dur\u00e9e de lecture est.\" \/>\n\t<meta name=\"twitter:data1\" content=\"1 minute\" \/>\n<script type=\"application\/ld+json\" class=\"yoast-schema-graph\">{\"@context\":\"https:\/\/schema.org\",\"@graph\":[{\"@type\":\"WebPage\",\"@id\":\"https:\/\/explora-renaix.be\/index.php\/soroban\/\",\"url\":\"https:\/\/explora-renaix.be\/index.php\/soroban\/\",\"name\":\"Soroban - Ecole fondamentale Explora Renaix - GO ! Basisschool Explora Ronse\",\"isPartOf\":{\"@id\":\"https:\/\/explora-renaix.be\/#website\"},\"datePublished\":\"2022-12-29T20:49:44+00:00\",\"dateModified\":\"2023-01-10T20:06:56+00:00\",\"breadcrumb\":{\"@id\":\"https:\/\/explora-renaix.be\/index.php\/soroban\/#breadcrumb\"},\"inLanguage\":\"fr-BE\",\"potentialAction\":[{\"@type\":\"ReadAction\",\"target\":[\"https:\/\/explora-renaix.be\/index.php\/soroban\/\"]}]},{\"@type\":\"BreadcrumbList\",\"@id\":\"https:\/\/explora-renaix.be\/index.php\/soroban\/#breadcrumb\",\"itemListElement\":[{\"@type\":\"ListItem\",\"position\":1,\"name\":\"Accueil\",\"item\":\"https:\/\/explora-renaix.be\/\"},{\"@type\":\"ListItem\",\"position\":2,\"name\":\"Soroban\"}]},{\"@type\":\"WebSite\",\"@id\":\"https:\/\/explora-renaix.be\/#website\",\"url\":\"https:\/\/explora-renaix.be\/\",\"name\":\"Ecole fondamentale Explora Renaix - GO ! Basisschool Explora Ronse\",\"description\":\"L&#039;\u00e9cole o\u00f9 il fait bon apprendre en waar kinderen gelukkig zijn !!\",\"publisher\":{\"@id\":\"https:\/\/explora-renaix.be\/#organization\"},\"potentialAction\":[{\"@type\":\"SearchAction\",\"target\":{\"@type\":\"EntryPoint\",\"urlTemplate\":\"https:\/\/explora-renaix.be\/?s={search_term_string}\"},\"query-input\":{\"@type\":\"PropertyValueSpecification\",\"valueRequired\":true,\"valueName\":\"search_term_string\"}}],\"inLanguage\":\"fr-BE\"},{\"@type\":\"Organization\",\"@id\":\"https:\/\/explora-renaix.be\/#organization\",\"name\":\"Ecole fondamentale Explora Renaix - GO ! Basisschool Explora Ronse\",\"url\":\"https:\/\/explora-renaix.be\/\",\"logo\":{\"@type\":\"ImageObject\",\"inLanguage\":\"fr-BE\",\"@id\":\"https:\/\/explora-renaix.be\/#\/schema\/logo\/image\/\",\"url\":\"https:\/\/explora-renaix.be\/wp-content\/uploads\/2022\/12\/cropped-arbre-icon.png\",\"contentUrl\":\"https:\/\/explora-renaix.be\/wp-content\/uploads\/2022\/12\/cropped-arbre-icon.png\",\"width\":544,\"height\":602,\"caption\":\"Ecole fondamentale Explora Renaix - GO ! Basisschool Explora Ronse\"},\"image\":{\"@id\":\"https:\/\/explora-renaix.be\/#\/schema\/logo\/image\/\"}}]}<\/script>\n<!-- \/ Yoast SEO plugin. -->","yoast_head_json":{"title":"Soroban - Ecole fondamentale Explora Renaix - GO ! Basisschool Explora Ronse","robots":{"index":"index","follow":"follow","max-snippet":"max-snippet:-1","max-image-preview":"max-image-preview:large","max-video-preview":"max-video-preview:-1"},"canonical":"https:\/\/explora-renaix.be\/index.php\/soroban\/","og_locale":"fr_FR","og_type":"article","og_title":"Soroban - Ecole fondamentale Explora Renaix - GO ! Basisschool Explora Ronse","og_description":"Le soroban est un type de calculatrice manuelle qui utilise des perles en bois ou en plastique pour repr\u00e9senter et manipuler les chiffres. Il a \u00e9t\u00e9 invent\u00e9 au Japon et est encore largement utilis\u00e9 dans l&rsquo;enseignement des math\u00e9matiques en Asie. Il est souvent compar\u00e9 au boulier fran\u00e7ais qui est un [&hellip;]","og_url":"https:\/\/explora-renaix.be\/index.php\/soroban\/","og_site_name":"Ecole fondamentale Explora Renaix - GO ! Basisschool Explora Ronse","article_modified_time":"2023-01-10T20:06:56+00:00","twitter_card":"summary_large_image","twitter_misc":{"Dur\u00e9e de lecture est.":"1 minute"},"schema":{"@context":"https:\/\/schema.org","@graph":[{"@type":"WebPage","@id":"https:\/\/explora-renaix.be\/index.php\/soroban\/","url":"https:\/\/explora-renaix.be\/index.php\/soroban\/","name":"Soroban - Ecole fondamentale Explora Renaix - GO ! Basisschool Explora Ronse","isPartOf":{"@id":"https:\/\/explora-renaix.be\/#website"},"datePublished":"2022-12-29T20:49:44+00:00","dateModified":"2023-01-10T20:06:56+00:00","breadcrumb":{"@id":"https:\/\/explora-renaix.be\/index.php\/soroban\/#breadcrumb"},"inLanguage":"fr-BE","potentialAction":[{"@type":"ReadAction","target":["https:\/\/explora-renaix.be\/index.php\/soroban\/"]}]},{"@type":"BreadcrumbList","@id":"https:\/\/explora-renaix.be\/index.php\/soroban\/#breadcrumb","itemListElement":[{"@type":"ListItem","position":1,"name":"Accueil","item":"https:\/\/explora-renaix.be\/"},{"@type":"ListItem","position":2,"name":"Soroban"}]},{"@type":"WebSite","@id":"https:\/\/explora-renaix.be\/#website","url":"https:\/\/explora-renaix.be\/","name":"Ecole fondamentale Explora Renaix - GO ! Basisschool Explora Ronse","description":"L&#039;\u00e9cole o\u00f9 il fait bon apprendre en waar kinderen gelukkig zijn !!","publisher":{"@id":"https:\/\/explora-renaix.be\/#organization"},"potentialAction":[{"@type":"SearchAction","target":{"@type":"EntryPoint","urlTemplate":"https:\/\/explora-renaix.be\/?s={search_term_string}"},"query-input":{"@type":"PropertyValueSpecification","valueRequired":true,"valueName":"search_term_string"}}],"inLanguage":"fr-BE"},{"@type":"Organization","@id":"https:\/\/explora-renaix.be\/#organization","name":"Ecole fondamentale Explora Renaix - GO ! Basisschool Explora Ronse","url":"https:\/\/explora-renaix.be\/","logo":{"@type":"ImageObject","inLanguage":"fr-BE","@id":"https:\/\/explora-renaix.be\/#\/schema\/logo\/image\/","url":"https:\/\/explora-renaix.be\/wp-content\/uploads\/2022\/12\/cropped-arbre-icon.png","contentUrl":"https:\/\/explora-renaix.be\/wp-content\/uploads\/2022\/12\/cropped-arbre-icon.png","width":544,"height":602,"caption":"Ecole fondamentale Explora Renaix - GO ! Basisschool Explora Ronse"},"image":{"@id":"https:\/\/explora-renaix.be\/#\/schema\/logo\/image\/"}}]}},"_links":{"self":[{"href":"https:\/\/explora-renaix.be\/index.php\/wp-json\/wp\/v2\/pages\/55","targetHints":{"allow":["GET"]}}],"collection":[{"href":"https:\/\/explora-renaix.be\/index.php\/wp-json\/wp\/v2\/pages"}],"about":[{"href":"https:\/\/explora-renaix.be\/index.php\/wp-json\/wp\/v2\/types\/page"}],"author":[{"embeddable":true,"href":"https:\/\/explora-renaix.be\/index.php\/wp-json\/wp\/v2\/users\/1"}],"replies":[{"embeddable":true,"href":"https:\/\/explora-renaix.be\/index.php\/wp-json\/wp\/v2\/comments?post=55"}],"version-history":[{"count":13,"href":"https:\/\/explora-renaix.be\/index.php\/wp-json\/wp\/v2\/pages\/55\/revisions"}],"predecessor-version":[{"id":507,"href":"https:\/\/explora-renaix.be\/index.php\/wp-json\/wp\/v2\/pages\/55\/revisions\/507"}],"wp:attachment":[{"href":"https:\/\/explora-renaix.be\/index.php\/wp-json\/wp\/v2\/media?parent=55"}],"curies":[{"name":"wp","href":"https:\/\/api.w.org\/{rel}","templated":true}]}}