{"id":43,"date":"2022-12-29T20:46:06","date_gmt":"2022-12-29T20:46:06","guid":{"rendered":"https:\/\/ecoledecroly-renaix.be\/?page_id=43"},"modified":"2026-03-09T09:24:03","modified_gmt":"2026-03-09T08:24:03","slug":"contact","status":"publish","type":"page","link":"https:\/\/explora-renaix.be\/index.php\/contact\/","title":{"rendered":"Contact"},"content":{"rendered":"\n<h4 class=\"wp-block-heading\">N&rsquo;h\u00e9sitez pas&nbsp;!&nbsp; Nous sommes \u00e0 votre disposition pour r\u00e9pondre \u00e0 toutes vos questions.<\/h4>\n\n\n\n<p><strong><u>Adresse postale :<\/u><\/strong><strong>&nbsp;<\/strong><\/p>\n\n\n\n<p>Ecole fondamentale francophone Dr Ovide Decroly<br>Broeke 25<br>9600 Renaix<br>Belgique<\/p>\n\n\n\n<p><strong><u>T\u00e9l\u00e9phone :<\/u><\/strong><\/p>\n\n\n\n<p>&nbsp;055\/21.34.16<\/p>\n\n\n\n<p><br><strong><u>Adresse email<\/u><\/strong><\/p>\n\n\n\n<p><a href=\"mailto:decrolysf@hotmail.com\"><a href=\"mailto:direction.ecole@bs-explora.be\" target=\"_blank\" rel=\"noreferrer noopener\">direction.ecole@bs-explora.be<\/a><\/a><\/p>\n\n\n\n<p><\/p>\n","protected":false},"excerpt":{"rendered":"<p>N&rsquo;h\u00e9sitez pas&nbsp;!&nbsp; Nous sommes \u00e0 votre disposition pour r\u00e9pondre \u00e0 toutes vos questions. Adresse postale :&nbsp; Ecole fondamentale francophone Dr Ovide DecrolyBroeke 259600 RenaixBelgique T\u00e9l\u00e9phone : &nbsp;055\/21.34.16 Adresse email direction.ecole@bs-explora.be<\/p>\n","protected":false},"author":1,"featured_media":0,"parent":0,"menu_order":0,"comment_status":"closed","ping_status":"closed","template":"","meta":{"_EventAllDay":false,"_EventTimezone":"","_EventStartDate":"","_EventEndDate":"","_EventStartDateUTC":"","_EventEndDateUTC":"","_EventShowMap":false,"_EventShowMapLink":false,"_EventURL":"","_EventCost":"","_EventCostDescription":"","_EventCurrencySymbol":"","_EventCurrencyCode":"","_EventCurrencyPosition":"","_EventDateTimeSeparator":"","_EventTimeRangeSeparator":"","_EventOrganizerID":[],"_EventVenueID":[],"_OrganizerEmail":"","_OrganizerPhone":"","_OrganizerWebsite":"","_VenueAddress":"","_VenueCity":"","_VenueCountry":"","_VenueProvince":"","_VenueState":"","_VenueZip":"","_VenuePhone":"","_VenueURL":"","_VenueStateProvince":"","_VenueLat":"","_VenueLng":"","_VenueShowMap":false,"_VenueShowMapLink":false,"footnotes":""},"class_list":["post-43","page","type-page","status-publish","hentry"],"yoast_head":"<!-- This site is optimized with the Yoast SEO plugin v26.4 - https:\/\/yoast.com\/wordpress\/plugins\/seo\/ -->\n<title>Contact - Ecole fondamentale Explora Renaix - GO ! Basisschool Explora Ronse<\/title>\n<meta name=\"robots\" content=\"index, follow, max-snippet:-1, max-image-preview:large, max-video-preview:-1\" \/>\n<link rel=\"canonical\" href=\"https:\/\/explora-renaix.be\/index.php\/contact\/\" \/>\n<meta property=\"og:locale\" content=\"fr_FR\" \/>\n<meta property=\"og:type\" content=\"article\" \/>\n<meta property=\"og:title\" content=\"Contact - Ecole fondamentale Explora Renaix - GO ! Basisschool Explora Ronse\" \/>\n<meta property=\"og:description\" content=\"N&rsquo;h\u00e9sitez pas&nbsp;!&nbsp; Nous sommes \u00e0 votre disposition pour r\u00e9pondre \u00e0 toutes vos questions. Adresse postale :&nbsp; Ecole fondamentale francophone Dr Ovide DecrolyBroeke 259600 RenaixBelgique T\u00e9l\u00e9phone : &nbsp;055\/21.34.16 Adresse email direction.ecole@bs-explora.be\" \/>\n<meta property=\"og:url\" content=\"https:\/\/explora-renaix.be\/index.php\/contact\/\" \/>\n<meta property=\"og:site_name\" content=\"Ecole fondamentale Explora Renaix - GO ! Basisschool Explora Ronse\" \/>\n<meta property=\"article:modified_time\" content=\"2026-03-09T08:24:03+00:00\" \/>\n<meta name=\"twitter:card\" content=\"summary_large_image\" \/>\n<meta name=\"twitter:label1\" content=\"Dur\u00e9e de lecture est.\" \/>\n\t<meta name=\"twitter:data1\" content=\"1 minute\" \/>\n<script type=\"application\/ld+json\" class=\"yoast-schema-graph\">{\"@context\":\"https:\/\/schema.org\",\"@graph\":[{\"@type\":\"WebPage\",\"@id\":\"https:\/\/explora-renaix.be\/index.php\/contact\/\",\"url\":\"https:\/\/explora-renaix.be\/index.php\/contact\/\",\"name\":\"Contact - Ecole fondamentale Explora Renaix - GO ! Basisschool Explora Ronse\",\"isPartOf\":{\"@id\":\"https:\/\/explora-renaix.be\/#website\"},\"datePublished\":\"2022-12-29T20:46:06+00:00\",\"dateModified\":\"2026-03-09T08:24:03+00:00\",\"breadcrumb\":{\"@id\":\"https:\/\/explora-renaix.be\/index.php\/contact\/#breadcrumb\"},\"inLanguage\":\"fr-BE\",\"potentialAction\":[{\"@type\":\"ReadAction\",\"target\":[\"https:\/\/explora-renaix.be\/index.php\/contact\/\"]}]},{\"@type\":\"BreadcrumbList\",\"@id\":\"https:\/\/explora-renaix.be\/index.php\/contact\/#breadcrumb\",\"itemListElement\":[{\"@type\":\"ListItem\",\"position\":1,\"name\":\"Accueil\",\"item\":\"https:\/\/explora-renaix.be\/\"},{\"@type\":\"ListItem\",\"position\":2,\"name\":\"Contact\"}]},{\"@type\":\"WebSite\",\"@id\":\"https:\/\/explora-renaix.be\/#website\",\"url\":\"https:\/\/explora-renaix.be\/\",\"name\":\"Ecole fondamentale Explora Renaix - GO ! Basisschool Explora Ronse\",\"description\":\"L&#039;\u00e9cole o\u00f9 il fait bon apprendre en waar kinderen gelukkig zijn !!\",\"publisher\":{\"@id\":\"https:\/\/explora-renaix.be\/#organization\"},\"potentialAction\":[{\"@type\":\"SearchAction\",\"target\":{\"@type\":\"EntryPoint\",\"urlTemplate\":\"https:\/\/explora-renaix.be\/?s={search_term_string}\"},\"query-input\":{\"@type\":\"PropertyValueSpecification\",\"valueRequired\":true,\"valueName\":\"search_term_string\"}}],\"inLanguage\":\"fr-BE\"},{\"@type\":\"Organization\",\"@id\":\"https:\/\/explora-renaix.be\/#organization\",\"name\":\"Ecole fondamentale Explora Renaix - GO ! Basisschool Explora Ronse\",\"url\":\"https:\/\/explora-renaix.be\/\",\"logo\":{\"@type\":\"ImageObject\",\"inLanguage\":\"fr-BE\",\"@id\":\"https:\/\/explora-renaix.be\/#\/schema\/logo\/image\/\",\"url\":\"https:\/\/explora-renaix.be\/wp-content\/uploads\/2022\/12\/cropped-arbre-icon.png\",\"contentUrl\":\"https:\/\/explora-renaix.be\/wp-content\/uploads\/2022\/12\/cropped-arbre-icon.png\",\"width\":544,\"height\":602,\"caption\":\"Ecole fondamentale Explora Renaix - GO ! Basisschool Explora Ronse\"},\"image\":{\"@id\":\"https:\/\/explora-renaix.be\/#\/schema\/logo\/image\/\"}}]}<\/script>\n<!-- \/ Yoast SEO plugin. -->","yoast_head_json":{"title":"Contact - Ecole fondamentale Explora Renaix - GO ! Basisschool Explora Ronse","robots":{"index":"index","follow":"follow","max-snippet":"max-snippet:-1","max-image-preview":"max-image-preview:large","max-video-preview":"max-video-preview:-1"},"canonical":"https:\/\/explora-renaix.be\/index.php\/contact\/","og_locale":"fr_FR","og_type":"article","og_title":"Contact - Ecole fondamentale Explora Renaix - GO ! Basisschool Explora Ronse","og_description":"N&rsquo;h\u00e9sitez pas&nbsp;!&nbsp; Nous sommes \u00e0 votre disposition pour r\u00e9pondre \u00e0 toutes vos questions. Adresse postale :&nbsp; Ecole fondamentale francophone Dr Ovide DecrolyBroeke 259600 RenaixBelgique T\u00e9l\u00e9phone : &nbsp;055\/21.34.16 Adresse email direction.ecole@bs-explora.be","og_url":"https:\/\/explora-renaix.be\/index.php\/contact\/","og_site_name":"Ecole fondamentale Explora Renaix - GO ! Basisschool Explora Ronse","article_modified_time":"2026-03-09T08:24:03+00:00","twitter_card":"summary_large_image","twitter_misc":{"Dur\u00e9e de lecture est.":"1 minute"},"schema":{"@context":"https:\/\/schema.org","@graph":[{"@type":"WebPage","@id":"https:\/\/explora-renaix.be\/index.php\/contact\/","url":"https:\/\/explora-renaix.be\/index.php\/contact\/","name":"Contact - Ecole fondamentale Explora Renaix - GO ! Basisschool Explora Ronse","isPartOf":{"@id":"https:\/\/explora-renaix.be\/#website"},"datePublished":"2022-12-29T20:46:06+00:00","dateModified":"2026-03-09T08:24:03+00:00","breadcrumb":{"@id":"https:\/\/explora-renaix.be\/index.php\/contact\/#breadcrumb"},"inLanguage":"fr-BE","potentialAction":[{"@type":"ReadAction","target":["https:\/\/explora-renaix.be\/index.php\/contact\/"]}]},{"@type":"BreadcrumbList","@id":"https:\/\/explora-renaix.be\/index.php\/contact\/#breadcrumb","itemListElement":[{"@type":"ListItem","position":1,"name":"Accueil","item":"https:\/\/explora-renaix.be\/"},{"@type":"ListItem","position":2,"name":"Contact"}]},{"@type":"WebSite","@id":"https:\/\/explora-renaix.be\/#website","url":"https:\/\/explora-renaix.be\/","name":"Ecole fondamentale Explora Renaix - GO ! Basisschool Explora Ronse","description":"L&#039;\u00e9cole o\u00f9 il fait bon apprendre en waar kinderen gelukkig zijn !!","publisher":{"@id":"https:\/\/explora-renaix.be\/#organization"},"potentialAction":[{"@type":"SearchAction","target":{"@type":"EntryPoint","urlTemplate":"https:\/\/explora-renaix.be\/?s={search_term_string}"},"query-input":{"@type":"PropertyValueSpecification","valueRequired":true,"valueName":"search_term_string"}}],"inLanguage":"fr-BE"},{"@type":"Organization","@id":"https:\/\/explora-renaix.be\/#organization","name":"Ecole fondamentale Explora Renaix - GO ! Basisschool Explora Ronse","url":"https:\/\/explora-renaix.be\/","logo":{"@type":"ImageObject","inLanguage":"fr-BE","@id":"https:\/\/explora-renaix.be\/#\/schema\/logo\/image\/","url":"https:\/\/explora-renaix.be\/wp-content\/uploads\/2022\/12\/cropped-arbre-icon.png","contentUrl":"https:\/\/explora-renaix.be\/wp-content\/uploads\/2022\/12\/cropped-arbre-icon.png","width":544,"height":602,"caption":"Ecole fondamentale Explora Renaix - GO ! Basisschool Explora Ronse"},"image":{"@id":"https:\/\/explora-renaix.be\/#\/schema\/logo\/image\/"}}]}},"_links":{"self":[{"href":"https:\/\/explora-renaix.be\/index.php\/wp-json\/wp\/v2\/pages\/43","targetHints":{"allow":["GET"]}}],"collection":[{"href":"https:\/\/explora-renaix.be\/index.php\/wp-json\/wp\/v2\/pages"}],"about":[{"href":"https:\/\/explora-renaix.be\/index.php\/wp-json\/wp\/v2\/types\/page"}],"author":[{"embeddable":true,"href":"https:\/\/explora-renaix.be\/index.php\/wp-json\/wp\/v2\/users\/1"}],"replies":[{"embeddable":true,"href":"https:\/\/explora-renaix.be\/index.php\/wp-json\/wp\/v2\/comments?post=43"}],"version-history":[{"count":3,"href":"https:\/\/explora-renaix.be\/index.php\/wp-json\/wp\/v2\/pages\/43\/revisions"}],"predecessor-version":[{"id":785,"href":"https:\/\/explora-renaix.be\/index.php\/wp-json\/wp\/v2\/pages\/43\/revisions\/785"}],"wp:attachment":[{"href":"https:\/\/explora-renaix.be\/index.php\/wp-json\/wp\/v2\/media?parent=43"}],"curies":[{"name":"wp","href":"https:\/\/api.w.org\/{rel}","templated":true}]}}