{"id":34,"date":"2022-12-29T20:42:08","date_gmt":"2022-12-29T20:42:08","guid":{"rendered":"https:\/\/ecoledecroly-renaix.be\/?page_id=34"},"modified":"2026-03-30T08:29:50","modified_gmt":"2026-03-30T07:29:50","slug":"presentation","status":"publish","type":"page","link":"https:\/\/explora-renaix.be\/","title":{"rendered":"Pr\u00e9sentation"},"content":{"rendered":"\n<p><strong>Vous habitez Renaix (Ronse) et recherchez un enseignement francophone avec un apprentissage progressif du n\u00e9erlandais d\u00e8s la maternelle ?<\/strong><\/p>\n\n\n\n<p><strong>Une \u00e9cole \u00e0 taille humaine o\u00f9 chaque enfant trouve sa place.<\/strong><\/p>\n\n\n\n<p>Situ\u00e9e au c\u0153ur de Renaix, dans le quartier de Broeke, notre \u00e9cole b\u00e9n\u00e9ficie d\u2019un vaste parc verdoyant o\u00f9 les enfants peuvent s\u2019\u00e9panouir pleinement dans un environnement calme et ressour\u00e7ant.<\/p>\n\n\n\n<p>Les \u00e9l\u00e8ves habitant plus loin peuvent profiter d\u2019un ramassage gratuit \u00e0 diff\u00e9rents arr\u00eats en ville, avant et apr\u00e8s les cours.<\/p>\n\n\n\n<p>L\u2019apprentissage du n\u00e9erlandais occupe une place importante dans notre projet p\u00e9dagogique.<br>D\u00e8s la primaire, les \u00e9l\u00e8ves b\u00e9n\u00e9ficient de quatre heures de n\u00e9erlandais en P3\/P4 et de huit heures en P5\/P6.<\/p>\n\n\n\n<p>Nous proposons \u00e9galement de nombreuses activit\u00e9s vari\u00e9es et enrichissantes : soroban, ateliers math\u00e9matiques, visites et bien d\u2019autres encore.<\/p>\n\n\n\n<p>\ud83d\udc49 D\u00e9couvrez notre \u00e9cole et suivez-nous sur <a href=\"https:\/\/www.facebook.com\/profile.php?id=100057598953757\">Facebook<\/a> pour en savoir plus !<\/p>\n\n\n\n<p><strong>N\u2019h\u00e9sitez pas \u00e0 nous contacter pour toute information ou pour organiser une rencontre.<\/strong><\/p>\n","protected":false},"excerpt":{"rendered":"<p>Vous habitez Renaix (Ronse) et recherchez un enseignement francophone avec un apprentissage progressif du n\u00e9erlandais d\u00e8s la maternelle ? Une \u00e9cole \u00e0 taille humaine o\u00f9 chaque enfant trouve sa place. Situ\u00e9e au c\u0153ur de Renaix, dans le quartier de Broeke, notre \u00e9cole b\u00e9n\u00e9ficie d\u2019un vaste parc verdoyant o\u00f9 les enfants [&hellip;]<\/p>\n","protected":false},"author":1,"featured_media":197,"parent":0,"menu_order":0,"comment_status":"closed","ping_status":"closed","template":"","meta":{"_EventAllDay":false,"_EventTimezone":"","_EventStartDate":"","_EventEndDate":"","_EventStartDateUTC":"","_EventEndDateUTC":"","_EventShowMap":false,"_EventShowMapLink":false,"_EventURL":"","_EventCost":"","_EventCostDescription":"","_EventCurrencySymbol":"","_EventCurrencyCode":"","_EventCurrencyPosition":"","_EventDateTimeSeparator":"","_EventTimeRangeSeparator":"","_EventOrganizerID":[],"_EventVenueID":[],"_OrganizerEmail":"","_OrganizerPhone":"","_OrganizerWebsite":"","_VenueAddress":"","_VenueCity":"","_VenueCountry":"","_VenueProvince":"","_VenueState":"","_VenueZip":"","_VenuePhone":"","_VenueURL":"","_VenueStateProvince":"","_VenueLat":"","_VenueLng":"","_VenueShowMap":false,"_VenueShowMapLink":false,"footnotes":""},"class_list":["post-34","page","type-page","status-publish","has-post-thumbnail","hentry"],"yoast_head":"<!-- This site is optimized with the Yoast SEO plugin v26.4 - https:\/\/yoast.com\/wordpress\/plugins\/seo\/ -->\n<title>Pr\u00e9sentation - Ecole fondamentale Explora Renaix - GO ! Basisschool Explora Ronse<\/title>\n<meta name=\"description\" content=\"Le site internet de l&#039;\u00e9cole fondamentale francophone Docteur Ovide Decroly de Renaix. Une autre dimension de l&#039;\u00e9cole, des informations, des textes, des photos...\" \/>\n<meta name=\"robots\" content=\"index, follow, max-snippet:-1, max-image-preview:large, max-video-preview:-1\" \/>\n<link rel=\"canonical\" href=\"https:\/\/explora-renaix.be\/\" \/>\n<meta property=\"og:locale\" content=\"fr_FR\" \/>\n<meta property=\"og:type\" content=\"article\" \/>\n<meta property=\"og:title\" content=\"Pr\u00e9sentation - Ecole fondamentale Explora Renaix - GO ! Basisschool Explora Ronse\" \/>\n<meta property=\"og:description\" content=\"Le site internet de l&#039;\u00e9cole fondamentale francophone Docteur Ovide Decroly de Renaix. Une autre dimension de l&#039;\u00e9cole, des informations, des textes, des photos...\" \/>\n<meta property=\"og:url\" content=\"https:\/\/explora-renaix.be\/\" \/>\n<meta property=\"og:site_name\" content=\"Ecole fondamentale Explora Renaix - GO ! Basisschool Explora Ronse\" \/>\n<meta property=\"article:modified_time\" content=\"2026-03-30T07:29:50+00:00\" \/>\n<meta property=\"og:image\" content=\"https:\/\/explora-renaix.be\/wp-content\/uploads\/2023\/01\/fond-frontpage-1200.jpg\" \/>\n\t<meta property=\"og:image:width\" content=\"1200\" \/>\n\t<meta property=\"og:image:height\" content=\"516\" \/>\n\t<meta property=\"og:image:type\" content=\"image\/jpeg\" \/>\n<meta name=\"twitter:card\" content=\"summary_large_image\" \/>\n<meta name=\"twitter:label1\" content=\"Dur\u00e9e de lecture est.\" \/>\n\t<meta name=\"twitter:data1\" content=\"1 minute\" \/>\n<script type=\"application\/ld+json\" class=\"yoast-schema-graph\">{\"@context\":\"https:\/\/schema.org\",\"@graph\":[{\"@type\":\"WebPage\",\"@id\":\"https:\/\/explora-renaix.be\/\",\"url\":\"https:\/\/explora-renaix.be\/\",\"name\":\"Pr\u00e9sentation - Ecole fondamentale Explora Renaix - GO ! Basisschool Explora Ronse\",\"isPartOf\":{\"@id\":\"https:\/\/explora-renaix.be\/#website\"},\"primaryImageOfPage\":{\"@id\":\"https:\/\/explora-renaix.be\/#primaryimage\"},\"image\":{\"@id\":\"https:\/\/explora-renaix.be\/#primaryimage\"},\"thumbnailUrl\":\"https:\/\/explora-renaix.be\/wp-content\/uploads\/2023\/01\/fond-frontpage-1200.jpg\",\"datePublished\":\"2022-12-29T20:42:08+00:00\",\"dateModified\":\"2026-03-30T07:29:50+00:00\",\"description\":\"Le site internet de l'\u00e9cole fondamentale francophone Docteur Ovide Decroly de Renaix. Une autre dimension de l'\u00e9cole, des informations, des textes, des photos...\",\"breadcrumb\":{\"@id\":\"https:\/\/explora-renaix.be\/#breadcrumb\"},\"inLanguage\":\"fr-BE\",\"potentialAction\":[{\"@type\":\"ReadAction\",\"target\":[\"https:\/\/explora-renaix.be\/\"]}]},{\"@type\":\"ImageObject\",\"inLanguage\":\"fr-BE\",\"@id\":\"https:\/\/explora-renaix.be\/#primaryimage\",\"url\":\"https:\/\/explora-renaix.be\/wp-content\/uploads\/2023\/01\/fond-frontpage-1200.jpg\",\"contentUrl\":\"https:\/\/explora-renaix.be\/wp-content\/uploads\/2023\/01\/fond-frontpage-1200.jpg\",\"width\":1200,\"height\":516},{\"@type\":\"BreadcrumbList\",\"@id\":\"https:\/\/explora-renaix.be\/#breadcrumb\",\"itemListElement\":[{\"@type\":\"ListItem\",\"position\":1,\"name\":\"Accueil\",\"item\":\"https:\/\/explora-renaix.be\/\"},{\"@type\":\"ListItem\",\"position\":2,\"name\":\"Pr\u00e9sentation\"}]},{\"@type\":\"WebSite\",\"@id\":\"https:\/\/explora-renaix.be\/#website\",\"url\":\"https:\/\/explora-renaix.be\/\",\"name\":\"Ecole fondamentale Explora Renaix - GO ! Basisschool Explora Ronse\",\"description\":\"L&#039;\u00e9cole o\u00f9 il fait bon apprendre en waar kinderen gelukkig zijn !!\",\"publisher\":{\"@id\":\"https:\/\/explora-renaix.be\/#organization\"},\"potentialAction\":[{\"@type\":\"SearchAction\",\"target\":{\"@type\":\"EntryPoint\",\"urlTemplate\":\"https:\/\/explora-renaix.be\/?s={search_term_string}\"},\"query-input\":{\"@type\":\"PropertyValueSpecification\",\"valueRequired\":true,\"valueName\":\"search_term_string\"}}],\"inLanguage\":\"fr-BE\"},{\"@type\":\"Organization\",\"@id\":\"https:\/\/explora-renaix.be\/#organization\",\"name\":\"Ecole fondamentale Explora Renaix - GO ! Basisschool Explora Ronse\",\"url\":\"https:\/\/explora-renaix.be\/\",\"logo\":{\"@type\":\"ImageObject\",\"inLanguage\":\"fr-BE\",\"@id\":\"https:\/\/explora-renaix.be\/#\/schema\/logo\/image\/\",\"url\":\"https:\/\/explora-renaix.be\/wp-content\/uploads\/2022\/12\/cropped-arbre-icon.png\",\"contentUrl\":\"https:\/\/explora-renaix.be\/wp-content\/uploads\/2022\/12\/cropped-arbre-icon.png\",\"width\":544,\"height\":602,\"caption\":\"Ecole fondamentale Explora Renaix - GO ! Basisschool Explora Ronse\"},\"image\":{\"@id\":\"https:\/\/explora-renaix.be\/#\/schema\/logo\/image\/\"}}]}<\/script>\n<!-- \/ Yoast SEO plugin. -->","yoast_head_json":{"title":"Pr\u00e9sentation - Ecole fondamentale Explora Renaix - GO ! Basisschool Explora Ronse","description":"Le site internet de l'\u00e9cole fondamentale francophone Docteur Ovide Decroly de Renaix. Une autre dimension de l'\u00e9cole, des informations, des textes, des photos...","robots":{"index":"index","follow":"follow","max-snippet":"max-snippet:-1","max-image-preview":"max-image-preview:large","max-video-preview":"max-video-preview:-1"},"canonical":"https:\/\/explora-renaix.be\/","og_locale":"fr_FR","og_type":"article","og_title":"Pr\u00e9sentation - Ecole fondamentale Explora Renaix - GO ! Basisschool Explora Ronse","og_description":"Le site internet de l'\u00e9cole fondamentale francophone Docteur Ovide Decroly de Renaix. Une autre dimension de l'\u00e9cole, des informations, des textes, des photos...","og_url":"https:\/\/explora-renaix.be\/","og_site_name":"Ecole fondamentale Explora Renaix - GO ! Basisschool Explora Ronse","article_modified_time":"2026-03-30T07:29:50+00:00","og_image":[{"width":1200,"height":516,"url":"https:\/\/explora-renaix.be\/wp-content\/uploads\/2023\/01\/fond-frontpage-1200.jpg","type":"image\/jpeg"}],"twitter_card":"summary_large_image","twitter_misc":{"Dur\u00e9e de lecture est.":"1 minute"},"schema":{"@context":"https:\/\/schema.org","@graph":[{"@type":"WebPage","@id":"https:\/\/explora-renaix.be\/","url":"https:\/\/explora-renaix.be\/","name":"Pr\u00e9sentation - Ecole fondamentale Explora Renaix - GO ! Basisschool Explora Ronse","isPartOf":{"@id":"https:\/\/explora-renaix.be\/#website"},"primaryImageOfPage":{"@id":"https:\/\/explora-renaix.be\/#primaryimage"},"image":{"@id":"https:\/\/explora-renaix.be\/#primaryimage"},"thumbnailUrl":"https:\/\/explora-renaix.be\/wp-content\/uploads\/2023\/01\/fond-frontpage-1200.jpg","datePublished":"2022-12-29T20:42:08+00:00","dateModified":"2026-03-30T07:29:50+00:00","description":"Le site internet de l'\u00e9cole fondamentale francophone Docteur Ovide Decroly de Renaix. Une autre dimension de l'\u00e9cole, des informations, des textes, des photos...","breadcrumb":{"@id":"https:\/\/explora-renaix.be\/#breadcrumb"},"inLanguage":"fr-BE","potentialAction":[{"@type":"ReadAction","target":["https:\/\/explora-renaix.be\/"]}]},{"@type":"ImageObject","inLanguage":"fr-BE","@id":"https:\/\/explora-renaix.be\/#primaryimage","url":"https:\/\/explora-renaix.be\/wp-content\/uploads\/2023\/01\/fond-frontpage-1200.jpg","contentUrl":"https:\/\/explora-renaix.be\/wp-content\/uploads\/2023\/01\/fond-frontpage-1200.jpg","width":1200,"height":516},{"@type":"BreadcrumbList","@id":"https:\/\/explora-renaix.be\/#breadcrumb","itemListElement":[{"@type":"ListItem","position":1,"name":"Accueil","item":"https:\/\/explora-renaix.be\/"},{"@type":"ListItem","position":2,"name":"Pr\u00e9sentation"}]},{"@type":"WebSite","@id":"https:\/\/explora-renaix.be\/#website","url":"https:\/\/explora-renaix.be\/","name":"Ecole fondamentale Explora Renaix - GO ! Basisschool Explora Ronse","description":"L&#039;\u00e9cole o\u00f9 il fait bon apprendre en waar kinderen gelukkig zijn !!","publisher":{"@id":"https:\/\/explora-renaix.be\/#organization"},"potentialAction":[{"@type":"SearchAction","target":{"@type":"EntryPoint","urlTemplate":"https:\/\/explora-renaix.be\/?s={search_term_string}"},"query-input":{"@type":"PropertyValueSpecification","valueRequired":true,"valueName":"search_term_string"}}],"inLanguage":"fr-BE"},{"@type":"Organization","@id":"https:\/\/explora-renaix.be\/#organization","name":"Ecole fondamentale Explora Renaix - GO ! Basisschool Explora Ronse","url":"https:\/\/explora-renaix.be\/","logo":{"@type":"ImageObject","inLanguage":"fr-BE","@id":"https:\/\/explora-renaix.be\/#\/schema\/logo\/image\/","url":"https:\/\/explora-renaix.be\/wp-content\/uploads\/2022\/12\/cropped-arbre-icon.png","contentUrl":"https:\/\/explora-renaix.be\/wp-content\/uploads\/2022\/12\/cropped-arbre-icon.png","width":544,"height":602,"caption":"Ecole fondamentale Explora Renaix - GO ! Basisschool Explora Ronse"},"image":{"@id":"https:\/\/explora-renaix.be\/#\/schema\/logo\/image\/"}}]}},"_links":{"self":[{"href":"https:\/\/explora-renaix.be\/index.php\/wp-json\/wp\/v2\/pages\/34","targetHints":{"allow":["GET"]}}],"collection":[{"href":"https:\/\/explora-renaix.be\/index.php\/wp-json\/wp\/v2\/pages"}],"about":[{"href":"https:\/\/explora-renaix.be\/index.php\/wp-json\/wp\/v2\/types\/page"}],"author":[{"embeddable":true,"href":"https:\/\/explora-renaix.be\/index.php\/wp-json\/wp\/v2\/users\/1"}],"replies":[{"embeddable":true,"href":"https:\/\/explora-renaix.be\/index.php\/wp-json\/wp\/v2\/comments?post=34"}],"version-history":[{"count":4,"href":"https:\/\/explora-renaix.be\/index.php\/wp-json\/wp\/v2\/pages\/34\/revisions"}],"predecessor-version":[{"id":813,"href":"https:\/\/explora-renaix.be\/index.php\/wp-json\/wp\/v2\/pages\/34\/revisions\/813"}],"wp:featuredmedia":[{"embeddable":true,"href":"https:\/\/explora-renaix.be\/index.php\/wp-json\/wp\/v2\/media\/197"}],"wp:attachment":[{"href":"https:\/\/explora-renaix.be\/index.php\/wp-json\/wp\/v2\/media?parent=34"}],"curies":[{"name":"wp","href":"https:\/\/api.w.org\/{rel}","templated":true}]}}