{"id":176,"date":"2023-01-01T16:45:06","date_gmt":"2023-01-01T16:45:06","guid":{"rendered":"https:\/\/ecoledecroly-renaix.be\/?page_id=176"},"modified":"2023-01-11T10:42:18","modified_gmt":"2023-01-11T10:42:18","slug":"sinscrire","status":"publish","type":"page","link":"https:\/\/explora-renaix.be\/index.php\/infos-utiles\/sinscrire\/","title":{"rendered":"S&rsquo;inscrire"},"content":{"rendered":"\n<p>L&rsquo;inscription dans notre \u00e9cole est d\u00e9finie dans la loi linguistique de 1963.<\/p>\n\n\n\n<p>Seul les \u00e9l\u00e8ves domicili\u00e9s \u00e0 Renaix peuvent \u00eatre scolaris\u00e9s chez nous.<\/p>\n\n\n\n<p>Vous avez une h\u00e9sitation, vous voulez en savoir plus, contactez-nous !<\/p>\n\n\n\n<p><\/p>\n\n\n\n<p>Cliquez sur le bouton ci-dessous pour obtenir le document d&rsquo;inscription qui facilitera les formalit\u00e9s administratives.<\/p>\n\n\n\n<div class=\"wp-block-buttons is-layout-flex wp-block-buttons-is-layout-flex\">\n<div class=\"wp-block-button\"><a class=\"wp-block-button__link wp-element-button\" href=\"https:\/\/explora-renaix.be\/wp-content\/uploads\/2023\/01\/Fiche-dinscription-et-cursus-Renaix.pdf\" target=\"_blank\" rel=\"noreferrer noopener\">T\u00e9l\u00e9charger<\/a><\/div>\n<\/div>\n","protected":false},"excerpt":{"rendered":"<p>L&rsquo;inscription dans notre \u00e9cole est d\u00e9finie dans la loi linguistique de 1963. Seul les \u00e9l\u00e8ves domicili\u00e9s \u00e0 Renaix peuvent \u00eatre scolaris\u00e9s chez nous. Vous avez une h\u00e9sitation, vous voulez en savoir plus, contactez-nous ! Cliquez sur le bouton ci-dessous pour obtenir le document d&rsquo;inscription qui facilitera les formalit\u00e9s administratives.<\/p>\n","protected":false},"author":1,"featured_media":559,"parent":72,"menu_order":100,"comment_status":"closed","ping_status":"closed","template":"","meta":{"_EventAllDay":false,"_EventTimezone":"","_EventStartDate":"","_EventEndDate":"","_EventStartDateUTC":"","_EventEndDateUTC":"","_EventShowMap":false,"_EventShowMapLink":false,"_EventURL":"","_EventCost":"","_EventCostDescription":"","_EventCurrencySymbol":"","_EventCurrencyCode":"","_EventCurrencyPosition":"","_EventDateTimeSeparator":"","_EventTimeRangeSeparator":"","_EventOrganizerID":[],"_EventVenueID":[],"_OrganizerEmail":"","_OrganizerPhone":"","_OrganizerWebsite":"","_VenueAddress":"","_VenueCity":"","_VenueCountry":"","_VenueProvince":"","_VenueState":"","_VenueZip":"","_VenuePhone":"","_VenueURL":"","_VenueStateProvince":"","_VenueLat":"","_VenueLng":"","_VenueShowMap":false,"_VenueShowMapLink":false,"footnotes":""},"class_list":["post-176","page","type-page","status-publish","has-post-thumbnail","hentry"],"yoast_head":"<!-- This site is optimized with the Yoast SEO plugin v26.4 - https:\/\/yoast.com\/wordpress\/plugins\/seo\/ -->\n<title>S&#039;inscrire - Ecole fondamentale Explora Renaix - GO ! Basisschool Explora Ronse<\/title>\n<meta name=\"robots\" content=\"index, follow, max-snippet:-1, max-image-preview:large, max-video-preview:-1\" \/>\n<link rel=\"canonical\" href=\"https:\/\/explora-renaix.be\/index.php\/infos-utiles\/sinscrire\/\" \/>\n<meta property=\"og:locale\" content=\"fr_FR\" \/>\n<meta property=\"og:type\" content=\"article\" \/>\n<meta property=\"og:title\" content=\"S&#039;inscrire - Ecole fondamentale Explora Renaix - GO ! Basisschool Explora Ronse\" \/>\n<meta property=\"og:description\" content=\"L&rsquo;inscription dans notre \u00e9cole est d\u00e9finie dans la loi linguistique de 1963. Seul les \u00e9l\u00e8ves domicili\u00e9s \u00e0 Renaix peuvent \u00eatre scolaris\u00e9s chez nous. Vous avez une h\u00e9sitation, vous voulez en savoir plus, contactez-nous ! Cliquez sur le bouton ci-dessous pour obtenir le document d&rsquo;inscription qui facilitera les formalit\u00e9s administratives.\" \/>\n<meta property=\"og:url\" content=\"https:\/\/explora-renaix.be\/index.php\/infos-utiles\/sinscrire\/\" \/>\n<meta property=\"og:site_name\" content=\"Ecole fondamentale Explora Renaix - GO ! Basisschool Explora Ronse\" \/>\n<meta property=\"article:modified_time\" content=\"2023-01-11T10:42:18+00:00\" \/>\n<meta property=\"og:image\" content=\"https:\/\/explora-renaix.be\/wp-content\/uploads\/2023\/01\/leaves.jpg\" \/>\n\t<meta property=\"og:image:width\" content=\"1754\" \/>\n\t<meta property=\"og:image:height\" content=\"1240\" \/>\n\t<meta property=\"og:image:type\" content=\"image\/jpeg\" \/>\n<meta name=\"twitter:card\" content=\"summary_large_image\" \/>\n<meta name=\"twitter:label1\" content=\"Dur\u00e9e de lecture est.\" \/>\n\t<meta name=\"twitter:data1\" content=\"1 minute\" \/>\n<script type=\"application\/ld+json\" class=\"yoast-schema-graph\">{\"@context\":\"https:\/\/schema.org\",\"@graph\":[{\"@type\":\"WebPage\",\"@id\":\"https:\/\/explora-renaix.be\/index.php\/infos-utiles\/sinscrire\/\",\"url\":\"https:\/\/explora-renaix.be\/index.php\/infos-utiles\/sinscrire\/\",\"name\":\"S'inscrire - Ecole fondamentale Explora Renaix - GO ! Basisschool Explora Ronse\",\"isPartOf\":{\"@id\":\"https:\/\/explora-renaix.be\/#website\"},\"primaryImageOfPage\":{\"@id\":\"https:\/\/explora-renaix.be\/index.php\/infos-utiles\/sinscrire\/#primaryimage\"},\"image\":{\"@id\":\"https:\/\/explora-renaix.be\/index.php\/infos-utiles\/sinscrire\/#primaryimage\"},\"thumbnailUrl\":\"https:\/\/explora-renaix.be\/wp-content\/uploads\/2023\/01\/leaves.jpg\",\"datePublished\":\"2023-01-01T16:45:06+00:00\",\"dateModified\":\"2023-01-11T10:42:18+00:00\",\"breadcrumb\":{\"@id\":\"https:\/\/explora-renaix.be\/index.php\/infos-utiles\/sinscrire\/#breadcrumb\"},\"inLanguage\":\"fr-BE\",\"potentialAction\":[{\"@type\":\"ReadAction\",\"target\":[\"https:\/\/explora-renaix.be\/index.php\/infos-utiles\/sinscrire\/\"]}]},{\"@type\":\"ImageObject\",\"inLanguage\":\"fr-BE\",\"@id\":\"https:\/\/explora-renaix.be\/index.php\/infos-utiles\/sinscrire\/#primaryimage\",\"url\":\"https:\/\/explora-renaix.be\/wp-content\/uploads\/2023\/01\/leaves.jpg\",\"contentUrl\":\"https:\/\/explora-renaix.be\/wp-content\/uploads\/2023\/01\/leaves.jpg\",\"width\":1754,\"height\":1240},{\"@type\":\"BreadcrumbList\",\"@id\":\"https:\/\/explora-renaix.be\/index.php\/infos-utiles\/sinscrire\/#breadcrumb\",\"itemListElement\":[{\"@type\":\"ListItem\",\"position\":1,\"name\":\"Accueil\",\"item\":\"https:\/\/explora-renaix.be\/\"},{\"@type\":\"ListItem\",\"position\":2,\"name\":\"Infos utiles\",\"item\":\"https:\/\/explora-renaix.be\/index.php\/infos-utiles\/\"},{\"@type\":\"ListItem\",\"position\":3,\"name\":\"S&rsquo;inscrire\"}]},{\"@type\":\"WebSite\",\"@id\":\"https:\/\/explora-renaix.be\/#website\",\"url\":\"https:\/\/explora-renaix.be\/\",\"name\":\"Ecole fondamentale Explora Renaix - GO ! Basisschool Explora Ronse\",\"description\":\"L&#039;\u00e9cole o\u00f9 il fait bon apprendre en waar kinderen gelukkig zijn !!\",\"publisher\":{\"@id\":\"https:\/\/explora-renaix.be\/#organization\"},\"potentialAction\":[{\"@type\":\"SearchAction\",\"target\":{\"@type\":\"EntryPoint\",\"urlTemplate\":\"https:\/\/explora-renaix.be\/?s={search_term_string}\"},\"query-input\":{\"@type\":\"PropertyValueSpecification\",\"valueRequired\":true,\"valueName\":\"search_term_string\"}}],\"inLanguage\":\"fr-BE\"},{\"@type\":\"Organization\",\"@id\":\"https:\/\/explora-renaix.be\/#organization\",\"name\":\"Ecole fondamentale Explora Renaix - GO ! Basisschool Explora Ronse\",\"url\":\"https:\/\/explora-renaix.be\/\",\"logo\":{\"@type\":\"ImageObject\",\"inLanguage\":\"fr-BE\",\"@id\":\"https:\/\/explora-renaix.be\/#\/schema\/logo\/image\/\",\"url\":\"https:\/\/explora-renaix.be\/wp-content\/uploads\/2022\/12\/cropped-arbre-icon.png\",\"contentUrl\":\"https:\/\/explora-renaix.be\/wp-content\/uploads\/2022\/12\/cropped-arbre-icon.png\",\"width\":544,\"height\":602,\"caption\":\"Ecole fondamentale Explora Renaix - GO ! Basisschool Explora Ronse\"},\"image\":{\"@id\":\"https:\/\/explora-renaix.be\/#\/schema\/logo\/image\/\"}}]}<\/script>\n<!-- \/ Yoast SEO plugin. -->","yoast_head_json":{"title":"S'inscrire - Ecole fondamentale Explora Renaix - GO ! Basisschool Explora Ronse","robots":{"index":"index","follow":"follow","max-snippet":"max-snippet:-1","max-image-preview":"max-image-preview:large","max-video-preview":"max-video-preview:-1"},"canonical":"https:\/\/explora-renaix.be\/index.php\/infos-utiles\/sinscrire\/","og_locale":"fr_FR","og_type":"article","og_title":"S'inscrire - Ecole fondamentale Explora Renaix - GO ! Basisschool Explora Ronse","og_description":"L&rsquo;inscription dans notre \u00e9cole est d\u00e9finie dans la loi linguistique de 1963. Seul les \u00e9l\u00e8ves domicili\u00e9s \u00e0 Renaix peuvent \u00eatre scolaris\u00e9s chez nous. Vous avez une h\u00e9sitation, vous voulez en savoir plus, contactez-nous ! Cliquez sur le bouton ci-dessous pour obtenir le document d&rsquo;inscription qui facilitera les formalit\u00e9s administratives.","og_url":"https:\/\/explora-renaix.be\/index.php\/infos-utiles\/sinscrire\/","og_site_name":"Ecole fondamentale Explora Renaix - GO ! Basisschool Explora Ronse","article_modified_time":"2023-01-11T10:42:18+00:00","og_image":[{"width":1754,"height":1240,"url":"https:\/\/explora-renaix.be\/wp-content\/uploads\/2023\/01\/leaves.jpg","type":"image\/jpeg"}],"twitter_card":"summary_large_image","twitter_misc":{"Dur\u00e9e de lecture est.":"1 minute"},"schema":{"@context":"https:\/\/schema.org","@graph":[{"@type":"WebPage","@id":"https:\/\/explora-renaix.be\/index.php\/infos-utiles\/sinscrire\/","url":"https:\/\/explora-renaix.be\/index.php\/infos-utiles\/sinscrire\/","name":"S'inscrire - Ecole fondamentale Explora Renaix - GO ! Basisschool Explora Ronse","isPartOf":{"@id":"https:\/\/explora-renaix.be\/#website"},"primaryImageOfPage":{"@id":"https:\/\/explora-renaix.be\/index.php\/infos-utiles\/sinscrire\/#primaryimage"},"image":{"@id":"https:\/\/explora-renaix.be\/index.php\/infos-utiles\/sinscrire\/#primaryimage"},"thumbnailUrl":"https:\/\/explora-renaix.be\/wp-content\/uploads\/2023\/01\/leaves.jpg","datePublished":"2023-01-01T16:45:06+00:00","dateModified":"2023-01-11T10:42:18+00:00","breadcrumb":{"@id":"https:\/\/explora-renaix.be\/index.php\/infos-utiles\/sinscrire\/#breadcrumb"},"inLanguage":"fr-BE","potentialAction":[{"@type":"ReadAction","target":["https:\/\/explora-renaix.be\/index.php\/infos-utiles\/sinscrire\/"]}]},{"@type":"ImageObject","inLanguage":"fr-BE","@id":"https:\/\/explora-renaix.be\/index.php\/infos-utiles\/sinscrire\/#primaryimage","url":"https:\/\/explora-renaix.be\/wp-content\/uploads\/2023\/01\/leaves.jpg","contentUrl":"https:\/\/explora-renaix.be\/wp-content\/uploads\/2023\/01\/leaves.jpg","width":1754,"height":1240},{"@type":"BreadcrumbList","@id":"https:\/\/explora-renaix.be\/index.php\/infos-utiles\/sinscrire\/#breadcrumb","itemListElement":[{"@type":"ListItem","position":1,"name":"Accueil","item":"https:\/\/explora-renaix.be\/"},{"@type":"ListItem","position":2,"name":"Infos utiles","item":"https:\/\/explora-renaix.be\/index.php\/infos-utiles\/"},{"@type":"ListItem","position":3,"name":"S&rsquo;inscrire"}]},{"@type":"WebSite","@id":"https:\/\/explora-renaix.be\/#website","url":"https:\/\/explora-renaix.be\/","name":"Ecole fondamentale Explora Renaix - GO ! Basisschool Explora Ronse","description":"L&#039;\u00e9cole o\u00f9 il fait bon apprendre en waar kinderen gelukkig zijn !!","publisher":{"@id":"https:\/\/explora-renaix.be\/#organization"},"potentialAction":[{"@type":"SearchAction","target":{"@type":"EntryPoint","urlTemplate":"https:\/\/explora-renaix.be\/?s={search_term_string}"},"query-input":{"@type":"PropertyValueSpecification","valueRequired":true,"valueName":"search_term_string"}}],"inLanguage":"fr-BE"},{"@type":"Organization","@id":"https:\/\/explora-renaix.be\/#organization","name":"Ecole fondamentale Explora Renaix - GO ! Basisschool Explora Ronse","url":"https:\/\/explora-renaix.be\/","logo":{"@type":"ImageObject","inLanguage":"fr-BE","@id":"https:\/\/explora-renaix.be\/#\/schema\/logo\/image\/","url":"https:\/\/explora-renaix.be\/wp-content\/uploads\/2022\/12\/cropped-arbre-icon.png","contentUrl":"https:\/\/explora-renaix.be\/wp-content\/uploads\/2022\/12\/cropped-arbre-icon.png","width":544,"height":602,"caption":"Ecole fondamentale Explora Renaix - GO ! Basisschool Explora Ronse"},"image":{"@id":"https:\/\/explora-renaix.be\/#\/schema\/logo\/image\/"}}]}},"_links":{"self":[{"href":"https:\/\/explora-renaix.be\/index.php\/wp-json\/wp\/v2\/pages\/176","targetHints":{"allow":["GET"]}}],"collection":[{"href":"https:\/\/explora-renaix.be\/index.php\/wp-json\/wp\/v2\/pages"}],"about":[{"href":"https:\/\/explora-renaix.be\/index.php\/wp-json\/wp\/v2\/types\/page"}],"author":[{"embeddable":true,"href":"https:\/\/explora-renaix.be\/index.php\/wp-json\/wp\/v2\/users\/1"}],"replies":[{"embeddable":true,"href":"https:\/\/explora-renaix.be\/index.php\/wp-json\/wp\/v2\/comments?post=176"}],"version-history":[{"count":4,"href":"https:\/\/explora-renaix.be\/index.php\/wp-json\/wp\/v2\/pages\/176\/revisions"}],"predecessor-version":[{"id":510,"href":"https:\/\/explora-renaix.be\/index.php\/wp-json\/wp\/v2\/pages\/176\/revisions\/510"}],"up":[{"embeddable":true,"href":"https:\/\/explora-renaix.be\/index.php\/wp-json\/wp\/v2\/pages\/72"}],"wp:featuredmedia":[{"embeddable":true,"href":"https:\/\/explora-renaix.be\/index.php\/wp-json\/wp\/v2\/media\/559"}],"wp:attachment":[{"href":"https:\/\/explora-renaix.be\/index.php\/wp-json\/wp\/v2\/media?parent=176"}],"curies":[{"name":"wp","href":"https:\/\/api.w.org\/{rel}","templated":true}]}}