{"id":169,"date":"2023-01-01T16:40:54","date_gmt":"2023-01-01T16:40:54","guid":{"rendered":"https:\/\/ecoledecroly-renaix.be\/?page_id=169"},"modified":"2023-01-10T20:48:34","modified_gmt":"2023-01-10T20:48:34","slug":"conseils","status":"publish","type":"page","link":"https:\/\/explora-renaix.be\/index.php\/soroban\/conseils\/","title":{"rendered":"Conseils"},"content":{"rendered":"\n<p>Voici quelques conseils pour vous accompagner lors de votre achat :<\/p>\n\n\n\n<ol class=\"wp-block-list\">\n<li>Assurez-vous que les perles soient clairement visibles et que les barres qui repr\u00e9sentent les unit\u00e9s, les dizaines, etc. soient bien espac\u00e9es.<\/li>\n\n\n\n<li>Choisissez un soroban avec une base stable et un poids suffisant pour ne pas basculer pendant l&rsquo;utilisation.<\/li>\n\n\n\n<li>V\u00e9rifiez que les barres sont facilement manipulables et qu&rsquo;elles glissent facilement sans \u00eatre trop l\u00e2ches.<\/li>\n\n\n\n<li>Si vous avez l&rsquo;intention de voyager avec votre soroban, optez pour un mod\u00e8le pliable ou facilement transportable.<\/li>\n\n\n\n<li>Assurez-vous que le soroban est fabriqu\u00e9 avec des mat\u00e9riaux de qualit\u00e9 et qu&rsquo;il est durable.<\/li>\n\n\n\n<li>Si vous \u00eates d\u00e9butant, vous pouvez opter pour un soroban avec des marques de rep\u00e8re pour vous aider \u00e0 vous orienter lors de l&rsquo;apprentissage. Dans notre \u00e9cole, nous utilisons le mod\u00e8le arc-en-ciel \u00e0 7 colonnes. Il est suffisant pour l&rsquo;addition et la soustraction. Si vous envisagez la r\u00e9solution d&rsquo;autres op\u00e9rations, pr\u00e9f\u00e9rez un mod\u00e8le \u00e0 13 colonnes.<\/li>\n\n\n\n<li>Si vous \u00eates un utilisateur avanc\u00e9, vous pouvez opter pour un soroban plus traditionnel avec des barres en bambou ou en bois et un bouton de remise \u00e0 z\u00e9ro.<\/li>\n\n\n\n<li>N&rsquo;oubliez pas de prendre en compte votre budget lors de votre achat. Il y a des sorobans disponibles dans une grande vari\u00e9t\u00e9 de prix allant de 5 \u00e0 180\u20ac pour les mod\u00e8les en bois pr\u00e9cieux.<\/li>\n<\/ol>\n\n\n\n<p><\/p>\n\n\n\n<p><\/p>\n\n\n\n<p><\/p>\n","protected":false},"excerpt":{"rendered":"<p>Voici quelques conseils pour vous accompagner lors de votre achat :<\/p>\n","protected":false},"author":1,"featured_media":523,"parent":55,"menu_order":4001,"comment_status":"closed","ping_status":"closed","template":"","meta":{"_EventAllDay":false,"_EventTimezone":"","_EventStartDate":"","_EventEndDate":"","_EventStartDateUTC":"","_EventEndDateUTC":"","_EventShowMap":false,"_EventShowMapLink":false,"_EventURL":"","_EventCost":"","_EventCostDescription":"","_EventCurrencySymbol":"","_EventCurrencyCode":"","_EventCurrencyPosition":"","_EventDateTimeSeparator":"","_EventTimeRangeSeparator":"","_EventOrganizerID":[],"_EventVenueID":[],"_OrganizerEmail":"","_OrganizerPhone":"","_OrganizerWebsite":"","_VenueAddress":"","_VenueCity":"","_VenueCountry":"","_VenueProvince":"","_VenueState":"","_VenueZip":"","_VenuePhone":"","_VenueURL":"","_VenueStateProvince":"","_VenueLat":"","_VenueLng":"","_VenueShowMap":false,"_VenueShowMapLink":false,"footnotes":""},"class_list":["post-169","page","type-page","status-publish","has-post-thumbnail","hentry"],"yoast_head":"<!-- This site is optimized with the Yoast SEO plugin v26.4 - https:\/\/yoast.com\/wordpress\/plugins\/seo\/ -->\n<title>Conseils - Ecole fondamentale Explora Renaix - GO ! Basisschool Explora Ronse<\/title>\n<meta name=\"robots\" content=\"index, follow, max-snippet:-1, max-image-preview:large, max-video-preview:-1\" \/>\n<link rel=\"canonical\" href=\"https:\/\/explora-renaix.be\/index.php\/soroban\/conseils\/\" \/>\n<meta property=\"og:locale\" content=\"fr_FR\" \/>\n<meta property=\"og:type\" content=\"article\" \/>\n<meta property=\"og:title\" content=\"Conseils - Ecole fondamentale Explora Renaix - GO ! Basisschool Explora Ronse\" \/>\n<meta property=\"og:description\" content=\"Voici quelques conseils pour vous accompagner lors de votre achat :\" \/>\n<meta property=\"og:url\" content=\"https:\/\/explora-renaix.be\/index.php\/soroban\/conseils\/\" \/>\n<meta property=\"og:site_name\" content=\"Ecole fondamentale Explora Renaix - GO ! Basisschool Explora Ronse\" \/>\n<meta property=\"article:modified_time\" content=\"2023-01-10T20:48:34+00:00\" \/>\n<meta property=\"og:image\" content=\"https:\/\/explora-renaix.be\/wp-content\/uploads\/2023\/01\/soroban-conseils.webp\" \/>\n\t<meta property=\"og:image:width\" content=\"600\" \/>\n\t<meta property=\"og:image:height\" content=\"321\" \/>\n\t<meta property=\"og:image:type\" content=\"image\/webp\" \/>\n<meta name=\"twitter:card\" content=\"summary_large_image\" \/>\n<meta name=\"twitter:label1\" content=\"Dur\u00e9e de lecture est.\" \/>\n\t<meta name=\"twitter:data1\" content=\"2 minutes\" \/>\n<script type=\"application\/ld+json\" class=\"yoast-schema-graph\">{\"@context\":\"https:\/\/schema.org\",\"@graph\":[{\"@type\":\"WebPage\",\"@id\":\"https:\/\/explora-renaix.be\/index.php\/soroban\/conseils\/\",\"url\":\"https:\/\/explora-renaix.be\/index.php\/soroban\/conseils\/\",\"name\":\"Conseils - Ecole fondamentale Explora Renaix - GO ! Basisschool Explora Ronse\",\"isPartOf\":{\"@id\":\"https:\/\/explora-renaix.be\/#website\"},\"primaryImageOfPage\":{\"@id\":\"https:\/\/explora-renaix.be\/index.php\/soroban\/conseils\/#primaryimage\"},\"image\":{\"@id\":\"https:\/\/explora-renaix.be\/index.php\/soroban\/conseils\/#primaryimage\"},\"thumbnailUrl\":\"https:\/\/explora-renaix.be\/wp-content\/uploads\/2023\/01\/soroban-conseils.webp\",\"datePublished\":\"2023-01-01T16:40:54+00:00\",\"dateModified\":\"2023-01-10T20:48:34+00:00\",\"breadcrumb\":{\"@id\":\"https:\/\/explora-renaix.be\/index.php\/soroban\/conseils\/#breadcrumb\"},\"inLanguage\":\"fr-BE\",\"potentialAction\":[{\"@type\":\"ReadAction\",\"target\":[\"https:\/\/explora-renaix.be\/index.php\/soroban\/conseils\/\"]}]},{\"@type\":\"ImageObject\",\"inLanguage\":\"fr-BE\",\"@id\":\"https:\/\/explora-renaix.be\/index.php\/soroban\/conseils\/#primaryimage\",\"url\":\"https:\/\/explora-renaix.be\/wp-content\/uploads\/2023\/01\/soroban-conseils.webp\",\"contentUrl\":\"https:\/\/explora-renaix.be\/wp-content\/uploads\/2023\/01\/soroban-conseils.webp\",\"width\":600,\"height\":321},{\"@type\":\"BreadcrumbList\",\"@id\":\"https:\/\/explora-renaix.be\/index.php\/soroban\/conseils\/#breadcrumb\",\"itemListElement\":[{\"@type\":\"ListItem\",\"position\":1,\"name\":\"Accueil\",\"item\":\"https:\/\/explora-renaix.be\/\"},{\"@type\":\"ListItem\",\"position\":2,\"name\":\"Soroban\",\"item\":\"https:\/\/explora-renaix.be\/index.php\/soroban\/\"},{\"@type\":\"ListItem\",\"position\":3,\"name\":\"Conseils\"}]},{\"@type\":\"WebSite\",\"@id\":\"https:\/\/explora-renaix.be\/#website\",\"url\":\"https:\/\/explora-renaix.be\/\",\"name\":\"Ecole fondamentale Explora Renaix - GO ! Basisschool Explora Ronse\",\"description\":\"L&#039;\u00e9cole o\u00f9 il fait bon apprendre en waar kinderen gelukkig zijn !!\",\"publisher\":{\"@id\":\"https:\/\/explora-renaix.be\/#organization\"},\"potentialAction\":[{\"@type\":\"SearchAction\",\"target\":{\"@type\":\"EntryPoint\",\"urlTemplate\":\"https:\/\/explora-renaix.be\/?s={search_term_string}\"},\"query-input\":{\"@type\":\"PropertyValueSpecification\",\"valueRequired\":true,\"valueName\":\"search_term_string\"}}],\"inLanguage\":\"fr-BE\"},{\"@type\":\"Organization\",\"@id\":\"https:\/\/explora-renaix.be\/#organization\",\"name\":\"Ecole fondamentale Explora Renaix - GO ! Basisschool Explora Ronse\",\"url\":\"https:\/\/explora-renaix.be\/\",\"logo\":{\"@type\":\"ImageObject\",\"inLanguage\":\"fr-BE\",\"@id\":\"https:\/\/explora-renaix.be\/#\/schema\/logo\/image\/\",\"url\":\"https:\/\/explora-renaix.be\/wp-content\/uploads\/2022\/12\/cropped-arbre-icon.png\",\"contentUrl\":\"https:\/\/explora-renaix.be\/wp-content\/uploads\/2022\/12\/cropped-arbre-icon.png\",\"width\":544,\"height\":602,\"caption\":\"Ecole fondamentale Explora Renaix - GO ! Basisschool Explora Ronse\"},\"image\":{\"@id\":\"https:\/\/explora-renaix.be\/#\/schema\/logo\/image\/\"}}]}<\/script>\n<!-- \/ Yoast SEO plugin. -->","yoast_head_json":{"title":"Conseils - Ecole fondamentale Explora Renaix - GO ! Basisschool Explora Ronse","robots":{"index":"index","follow":"follow","max-snippet":"max-snippet:-1","max-image-preview":"max-image-preview:large","max-video-preview":"max-video-preview:-1"},"canonical":"https:\/\/explora-renaix.be\/index.php\/soroban\/conseils\/","og_locale":"fr_FR","og_type":"article","og_title":"Conseils - Ecole fondamentale Explora Renaix - GO ! Basisschool Explora Ronse","og_description":"Voici quelques conseils pour vous accompagner lors de votre achat :","og_url":"https:\/\/explora-renaix.be\/index.php\/soroban\/conseils\/","og_site_name":"Ecole fondamentale Explora Renaix - GO ! Basisschool Explora Ronse","article_modified_time":"2023-01-10T20:48:34+00:00","og_image":[{"width":600,"height":321,"url":"https:\/\/explora-renaix.be\/wp-content\/uploads\/2023\/01\/soroban-conseils.webp","type":"image\/webp"}],"twitter_card":"summary_large_image","twitter_misc":{"Dur\u00e9e de lecture est.":"2 minutes"},"schema":{"@context":"https:\/\/schema.org","@graph":[{"@type":"WebPage","@id":"https:\/\/explora-renaix.be\/index.php\/soroban\/conseils\/","url":"https:\/\/explora-renaix.be\/index.php\/soroban\/conseils\/","name":"Conseils - Ecole fondamentale Explora Renaix - GO ! Basisschool Explora Ronse","isPartOf":{"@id":"https:\/\/explora-renaix.be\/#website"},"primaryImageOfPage":{"@id":"https:\/\/explora-renaix.be\/index.php\/soroban\/conseils\/#primaryimage"},"image":{"@id":"https:\/\/explora-renaix.be\/index.php\/soroban\/conseils\/#primaryimage"},"thumbnailUrl":"https:\/\/explora-renaix.be\/wp-content\/uploads\/2023\/01\/soroban-conseils.webp","datePublished":"2023-01-01T16:40:54+00:00","dateModified":"2023-01-10T20:48:34+00:00","breadcrumb":{"@id":"https:\/\/explora-renaix.be\/index.php\/soroban\/conseils\/#breadcrumb"},"inLanguage":"fr-BE","potentialAction":[{"@type":"ReadAction","target":["https:\/\/explora-renaix.be\/index.php\/soroban\/conseils\/"]}]},{"@type":"ImageObject","inLanguage":"fr-BE","@id":"https:\/\/explora-renaix.be\/index.php\/soroban\/conseils\/#primaryimage","url":"https:\/\/explora-renaix.be\/wp-content\/uploads\/2023\/01\/soroban-conseils.webp","contentUrl":"https:\/\/explora-renaix.be\/wp-content\/uploads\/2023\/01\/soroban-conseils.webp","width":600,"height":321},{"@type":"BreadcrumbList","@id":"https:\/\/explora-renaix.be\/index.php\/soroban\/conseils\/#breadcrumb","itemListElement":[{"@type":"ListItem","position":1,"name":"Accueil","item":"https:\/\/explora-renaix.be\/"},{"@type":"ListItem","position":2,"name":"Soroban","item":"https:\/\/explora-renaix.be\/index.php\/soroban\/"},{"@type":"ListItem","position":3,"name":"Conseils"}]},{"@type":"WebSite","@id":"https:\/\/explora-renaix.be\/#website","url":"https:\/\/explora-renaix.be\/","name":"Ecole fondamentale Explora Renaix - GO ! Basisschool Explora Ronse","description":"L&#039;\u00e9cole o\u00f9 il fait bon apprendre en waar kinderen gelukkig zijn !!","publisher":{"@id":"https:\/\/explora-renaix.be\/#organization"},"potentialAction":[{"@type":"SearchAction","target":{"@type":"EntryPoint","urlTemplate":"https:\/\/explora-renaix.be\/?s={search_term_string}"},"query-input":{"@type":"PropertyValueSpecification","valueRequired":true,"valueName":"search_term_string"}}],"inLanguage":"fr-BE"},{"@type":"Organization","@id":"https:\/\/explora-renaix.be\/#organization","name":"Ecole fondamentale Explora Renaix - GO ! Basisschool Explora Ronse","url":"https:\/\/explora-renaix.be\/","logo":{"@type":"ImageObject","inLanguage":"fr-BE","@id":"https:\/\/explora-renaix.be\/#\/schema\/logo\/image\/","url":"https:\/\/explora-renaix.be\/wp-content\/uploads\/2022\/12\/cropped-arbre-icon.png","contentUrl":"https:\/\/explora-renaix.be\/wp-content\/uploads\/2022\/12\/cropped-arbre-icon.png","width":544,"height":602,"caption":"Ecole fondamentale Explora Renaix - GO ! Basisschool Explora Ronse"},"image":{"@id":"https:\/\/explora-renaix.be\/#\/schema\/logo\/image\/"}}]}},"_links":{"self":[{"href":"https:\/\/explora-renaix.be\/index.php\/wp-json\/wp\/v2\/pages\/169","targetHints":{"allow":["GET"]}}],"collection":[{"href":"https:\/\/explora-renaix.be\/index.php\/wp-json\/wp\/v2\/pages"}],"about":[{"href":"https:\/\/explora-renaix.be\/index.php\/wp-json\/wp\/v2\/types\/page"}],"author":[{"embeddable":true,"href":"https:\/\/explora-renaix.be\/index.php\/wp-json\/wp\/v2\/users\/1"}],"replies":[{"embeddable":true,"href":"https:\/\/explora-renaix.be\/index.php\/wp-json\/wp\/v2\/comments?post=169"}],"version-history":[{"count":4,"href":"https:\/\/explora-renaix.be\/index.php\/wp-json\/wp\/v2\/pages\/169\/revisions"}],"predecessor-version":[{"id":250,"href":"https:\/\/explora-renaix.be\/index.php\/wp-json\/wp\/v2\/pages\/169\/revisions\/250"}],"up":[{"embeddable":true,"href":"https:\/\/explora-renaix.be\/index.php\/wp-json\/wp\/v2\/pages\/55"}],"wp:featuredmedia":[{"embeddable":true,"href":"https:\/\/explora-renaix.be\/index.php\/wp-json\/wp\/v2\/media\/523"}],"wp:attachment":[{"href":"https:\/\/explora-renaix.be\/index.php\/wp-json\/wp\/v2\/media?parent=169"}],"curies":[{"name":"wp","href":"https:\/\/api.w.org\/{rel}","templated":true}]}}