{"id":168,"date":"2023-01-01T16:40:54","date_gmt":"2023-01-01T16:40:54","guid":{"rendered":"https:\/\/ecoledecroly-renaix.be\/?page_id=168"},"modified":"2023-01-10T21:10:49","modified_gmt":"2023-01-10T21:10:49","slug":"exercices-soroban","status":"publish","type":"page","link":"https:\/\/explora-renaix.be\/index.php\/soroban\/exercices-soroban\/","title":{"rendered":"Exercices"},"content":{"rendered":"\n<p>L&rsquo;apprentissage du soroban est progressif. Il faut prendre son temps.<\/p>\n\n\n\n<p>Un ma\u00eetre soroban disait \u00e0 ses \u00e9l\u00e8ves : \u00ab\u00a0Il n&rsquo;y a pas d&rsquo;ascenseur pour apprendre le soroban, vous devez prendre les escaliers !\u00a0\u00bb<\/p>\n\n\n\n<p>A l&rsquo;\u00e9cole Decroly, nous apprenons par niveaux qu&rsquo;on nomme Kyus.<\/p>\n\n\n\n<p>Le kyu 20 est le plus accessible et le plus facile. En progressant, l&rsquo;\u00e9l\u00e8ve va passer de petits tests et \u00eatre confront\u00e9 \u00e0 des exercices de plus en plus complexes jusqu&rsquo;au Kyu 13 o\u00f9 il saura effectuer n&rsquo;importe quelle addition ou soustraction.<\/p>\n\n\n\n<p>Ci-dessous, vous trouverez des exercices pour accompagner votre enfant dans l&rsquo;apprentissage du soroban. Ce ne sont pas les m\u00eames que ceux qu&rsquo;il a faits en classe !<\/p>\n\n\n\n<div class=\"wp-block-buttons is-layout-flex wp-block-buttons-is-layout-flex\">\n<div class=\"wp-block-button\"><a class=\"wp-block-button__link wp-element-button\" href=\"https:\/\/explora-renaix.be\/wp-content\/uploads\/2023\/01\/Kyu-20.pdf\" target=\"_blank\" rel=\"noreferrer noopener\">Kyu 20<\/a><\/div>\n\n\n\n<div class=\"wp-block-button\"><a class=\"wp-block-button__link wp-element-button\" href=\"https:\/\/explora-renaix.be\/wp-content\/uploads\/2023\/01\/Kyu-19.pdf\" target=\"_blank\" rel=\"noreferrer noopener\">Kyu 19<\/a><\/div>\n\n\n\n<div class=\"wp-block-button\"><a class=\"wp-block-button__link wp-element-button\" href=\"https:\/\/explora-renaix.be\/wp-content\/uploads\/2023\/01\/Kyu-18.pdf\" target=\"_blank\" rel=\"noreferrer noopener\">Kyu 18<\/a><\/div>\n<\/div>\n\n\n\n<p><em>Additions et soustractions simples<\/em>.<\/p>\n\n\n\n<div class=\"wp-block-buttons is-layout-flex wp-block-buttons-is-layout-flex\">\n<div class=\"wp-block-button\"><a class=\"wp-block-button__link wp-element-button\" href=\"https:\/\/explora-renaix.be\/wp-content\/uploads\/2023\/01\/Kyu-17.pdf\" target=\"_blank\" rel=\"noreferrer noopener\">Kyu 17<\/a><\/div>\n<\/div>\n\n\n\n<p><em>Additions et soustractions avec les petits amis<\/em>.<\/p>\n\n\n\n<div class=\"wp-block-buttons is-layout-flex wp-block-buttons-is-layout-flex\">\n<div class=\"wp-block-button\"><a class=\"wp-block-button__link wp-element-button\" href=\"https:\/\/explora-renaix.be\/wp-content\/uploads\/2023\/01\/Kyu-16.pdf\" target=\"_blank\" rel=\"noreferrer noopener\">Kyu 16<\/a><\/div>\n\n\n\n<div class=\"wp-block-button\"><a class=\"wp-block-button__link wp-element-button\" href=\"https:\/\/explora-renaix.be\/wp-content\/uploads\/2023\/01\/Kyu-16-1.pdf\" target=\"_blank\" rel=\"noreferrer noopener\">Kyu 16+<\/a><\/div>\n<\/div>\n\n\n\n<p><em>Additions et soustractions avec les grands amis dans l&rsquo;addition.<\/em><\/p>\n\n\n\n<hr class=\"wp-block-separator has-alpha-channel-opacity\"\/>\n\n\n\n<div class=\"wp-block-buttons is-layout-flex wp-block-buttons-is-layout-flex\"><\/div>\n\n\n\n<p><strong>Plus le nombre du kyu est bas, plus la difficult\u00e9 est importante&#8230; Ne sautez pas d&rsquo;\u00e9tape pour ne pas d\u00e9courager l&rsquo;\u00e9l\u00e8ve ! <\/strong><\/p>\n","protected":false},"excerpt":{"rendered":"<p>L&rsquo;apprentissage du soroban est progressif. Il faut prendre son temps. Un ma\u00eetre soroban disait \u00e0 ses \u00e9l\u00e8ves : \u00ab\u00a0Il n&rsquo;y a pas d&rsquo;ascenseur pour apprendre le soroban, vous devez prendre les escaliers !\u00a0\u00bb A l&rsquo;\u00e9cole Decroly, nous apprenons par niveaux qu&rsquo;on nomme Kyus. Le kyu 20 est le plus accessible [&hellip;]<\/p>\n","protected":false},"author":1,"featured_media":527,"parent":55,"menu_order":4004,"comment_status":"open","ping_status":"closed","template":"","meta":{"_EventAllDay":false,"_EventTimezone":"","_EventStartDate":"","_EventEndDate":"","_EventStartDateUTC":"","_EventEndDateUTC":"","_EventShowMap":false,"_EventShowMapLink":false,"_EventURL":"","_EventCost":"","_EventCostDescription":"","_EventCurrencySymbol":"","_EventCurrencyCode":"","_EventCurrencyPosition":"","_EventDateTimeSeparator":"","_EventTimeRangeSeparator":"","_EventOrganizerID":[],"_EventVenueID":[],"_OrganizerEmail":"","_OrganizerPhone":"","_OrganizerWebsite":"","_VenueAddress":"","_VenueCity":"","_VenueCountry":"","_VenueProvince":"","_VenueState":"","_VenueZip":"","_VenuePhone":"","_VenueURL":"","_VenueStateProvince":"","_VenueLat":"","_VenueLng":"","_VenueShowMap":false,"_VenueShowMapLink":false,"footnotes":""},"class_list":["post-168","page","type-page","status-publish","has-post-thumbnail","hentry"],"yoast_head":"<!-- This site is optimized with the Yoast SEO plugin v26.4 - https:\/\/yoast.com\/wordpress\/plugins\/seo\/ -->\n<title>Exercices gratuits de soroban - Ecole fondamentale Explora Renaix - GO ! Basisschool Explora Ronse<\/title>\n<meta name=\"description\" content=\"Des exercices pour accompagner votre enfant dans l&#039;apprentissage du soroban ! Ils sont utiles pour le pr\u00e9parer au passage de kyu de sa cat\u00e9gorie.\" \/>\n<meta name=\"robots\" content=\"index, follow, max-snippet:-1, max-image-preview:large, max-video-preview:-1\" \/>\n<link rel=\"canonical\" href=\"https:\/\/explora-renaix.be\/index.php\/soroban\/exercices-soroban\/\" \/>\n<meta property=\"og:locale\" content=\"fr_FR\" \/>\n<meta property=\"og:type\" content=\"article\" \/>\n<meta property=\"og:title\" content=\"Exercices gratuits de soroban - Ecole fondamentale Explora Renaix - GO ! Basisschool Explora Ronse\" \/>\n<meta property=\"og:description\" content=\"Des exercices pour accompagner votre enfant dans l&#039;apprentissage du soroban ! Ils sont utiles pour le pr\u00e9parer au passage de kyu de sa cat\u00e9gorie.\" \/>\n<meta property=\"og:url\" content=\"https:\/\/explora-renaix.be\/index.php\/soroban\/exercices-soroban\/\" \/>\n<meta property=\"og:site_name\" content=\"Ecole fondamentale Explora Renaix - GO ! Basisschool Explora Ronse\" \/>\n<meta property=\"article:modified_time\" content=\"2023-01-10T21:10:49+00:00\" \/>\n<meta property=\"og:image\" content=\"https:\/\/explora-renaix.be\/wp-content\/uploads\/2023\/01\/DSCN2645-1200.jpg\" \/>\n\t<meta property=\"og:image:width\" content=\"1200\" \/>\n\t<meta property=\"og:image:height\" content=\"900\" \/>\n\t<meta property=\"og:image:type\" content=\"image\/jpeg\" \/>\n<meta name=\"twitter:card\" content=\"summary_large_image\" \/>\n<meta name=\"twitter:label1\" content=\"Dur\u00e9e de lecture est.\" \/>\n\t<meta name=\"twitter:data1\" content=\"1 minute\" \/>\n<script type=\"application\/ld+json\" class=\"yoast-schema-graph\">{\"@context\":\"https:\/\/schema.org\",\"@graph\":[{\"@type\":\"WebPage\",\"@id\":\"https:\/\/explora-renaix.be\/index.php\/soroban\/exercices-soroban\/\",\"url\":\"https:\/\/explora-renaix.be\/index.php\/soroban\/exercices-soroban\/\",\"name\":\"Exercices gratuits de soroban - Ecole fondamentale Explora Renaix - GO ! Basisschool Explora Ronse\",\"isPartOf\":{\"@id\":\"https:\/\/explora-renaix.be\/#website\"},\"primaryImageOfPage\":{\"@id\":\"https:\/\/explora-renaix.be\/index.php\/soroban\/exercices-soroban\/#primaryimage\"},\"image\":{\"@id\":\"https:\/\/explora-renaix.be\/index.php\/soroban\/exercices-soroban\/#primaryimage\"},\"thumbnailUrl\":\"https:\/\/explora-renaix.be\/wp-content\/uploads\/2023\/01\/DSCN2645-1200.jpg\",\"datePublished\":\"2023-01-01T16:40:54+00:00\",\"dateModified\":\"2023-01-10T21:10:49+00:00\",\"description\":\"Des exercices pour accompagner votre enfant dans l'apprentissage du soroban ! Ils sont utiles pour le pr\u00e9parer au passage de kyu de sa cat\u00e9gorie.\",\"breadcrumb\":{\"@id\":\"https:\/\/explora-renaix.be\/index.php\/soroban\/exercices-soroban\/#breadcrumb\"},\"inLanguage\":\"fr-BE\",\"potentialAction\":[{\"@type\":\"ReadAction\",\"target\":[\"https:\/\/explora-renaix.be\/index.php\/soroban\/exercices-soroban\/\"]}]},{\"@type\":\"ImageObject\",\"inLanguage\":\"fr-BE\",\"@id\":\"https:\/\/explora-renaix.be\/index.php\/soroban\/exercices-soroban\/#primaryimage\",\"url\":\"https:\/\/explora-renaix.be\/wp-content\/uploads\/2023\/01\/DSCN2645-1200.jpg\",\"contentUrl\":\"https:\/\/explora-renaix.be\/wp-content\/uploads\/2023\/01\/DSCN2645-1200.jpg\",\"width\":1200,\"height\":900},{\"@type\":\"BreadcrumbList\",\"@id\":\"https:\/\/explora-renaix.be\/index.php\/soroban\/exercices-soroban\/#breadcrumb\",\"itemListElement\":[{\"@type\":\"ListItem\",\"position\":1,\"name\":\"Accueil\",\"item\":\"https:\/\/explora-renaix.be\/\"},{\"@type\":\"ListItem\",\"position\":2,\"name\":\"Soroban\",\"item\":\"https:\/\/explora-renaix.be\/index.php\/soroban\/\"},{\"@type\":\"ListItem\",\"position\":3,\"name\":\"Exercices\"}]},{\"@type\":\"WebSite\",\"@id\":\"https:\/\/explora-renaix.be\/#website\",\"url\":\"https:\/\/explora-renaix.be\/\",\"name\":\"Ecole fondamentale Explora Renaix - GO ! Basisschool Explora Ronse\",\"description\":\"L&#039;\u00e9cole o\u00f9 il fait bon apprendre en waar kinderen gelukkig zijn !!\",\"publisher\":{\"@id\":\"https:\/\/explora-renaix.be\/#organization\"},\"potentialAction\":[{\"@type\":\"SearchAction\",\"target\":{\"@type\":\"EntryPoint\",\"urlTemplate\":\"https:\/\/explora-renaix.be\/?s={search_term_string}\"},\"query-input\":{\"@type\":\"PropertyValueSpecification\",\"valueRequired\":true,\"valueName\":\"search_term_string\"}}],\"inLanguage\":\"fr-BE\"},{\"@type\":\"Organization\",\"@id\":\"https:\/\/explora-renaix.be\/#organization\",\"name\":\"Ecole fondamentale Explora Renaix - GO ! Basisschool Explora Ronse\",\"url\":\"https:\/\/explora-renaix.be\/\",\"logo\":{\"@type\":\"ImageObject\",\"inLanguage\":\"fr-BE\",\"@id\":\"https:\/\/explora-renaix.be\/#\/schema\/logo\/image\/\",\"url\":\"https:\/\/explora-renaix.be\/wp-content\/uploads\/2022\/12\/cropped-arbre-icon.png\",\"contentUrl\":\"https:\/\/explora-renaix.be\/wp-content\/uploads\/2022\/12\/cropped-arbre-icon.png\",\"width\":544,\"height\":602,\"caption\":\"Ecole fondamentale Explora Renaix - GO ! Basisschool Explora Ronse\"},\"image\":{\"@id\":\"https:\/\/explora-renaix.be\/#\/schema\/logo\/image\/\"}}]}<\/script>\n<!-- \/ Yoast SEO plugin. -->","yoast_head_json":{"title":"Exercices gratuits de soroban - Ecole fondamentale Explora Renaix - GO ! Basisschool Explora Ronse","description":"Des exercices pour accompagner votre enfant dans l'apprentissage du soroban ! Ils sont utiles pour le pr\u00e9parer au passage de kyu de sa cat\u00e9gorie.","robots":{"index":"index","follow":"follow","max-snippet":"max-snippet:-1","max-image-preview":"max-image-preview:large","max-video-preview":"max-video-preview:-1"},"canonical":"https:\/\/explora-renaix.be\/index.php\/soroban\/exercices-soroban\/","og_locale":"fr_FR","og_type":"article","og_title":"Exercices gratuits de soroban - Ecole fondamentale Explora Renaix - GO ! Basisschool Explora Ronse","og_description":"Des exercices pour accompagner votre enfant dans l'apprentissage du soroban ! Ils sont utiles pour le pr\u00e9parer au passage de kyu de sa cat\u00e9gorie.","og_url":"https:\/\/explora-renaix.be\/index.php\/soroban\/exercices-soroban\/","og_site_name":"Ecole fondamentale Explora Renaix - GO ! Basisschool Explora Ronse","article_modified_time":"2023-01-10T21:10:49+00:00","og_image":[{"width":1200,"height":900,"url":"https:\/\/explora-renaix.be\/wp-content\/uploads\/2023\/01\/DSCN2645-1200.jpg","type":"image\/jpeg"}],"twitter_card":"summary_large_image","twitter_misc":{"Dur\u00e9e de lecture est.":"1 minute"},"schema":{"@context":"https:\/\/schema.org","@graph":[{"@type":"WebPage","@id":"https:\/\/explora-renaix.be\/index.php\/soroban\/exercices-soroban\/","url":"https:\/\/explora-renaix.be\/index.php\/soroban\/exercices-soroban\/","name":"Exercices gratuits de soroban - Ecole fondamentale Explora Renaix - GO ! Basisschool Explora Ronse","isPartOf":{"@id":"https:\/\/explora-renaix.be\/#website"},"primaryImageOfPage":{"@id":"https:\/\/explora-renaix.be\/index.php\/soroban\/exercices-soroban\/#primaryimage"},"image":{"@id":"https:\/\/explora-renaix.be\/index.php\/soroban\/exercices-soroban\/#primaryimage"},"thumbnailUrl":"https:\/\/explora-renaix.be\/wp-content\/uploads\/2023\/01\/DSCN2645-1200.jpg","datePublished":"2023-01-01T16:40:54+00:00","dateModified":"2023-01-10T21:10:49+00:00","description":"Des exercices pour accompagner votre enfant dans l'apprentissage du soroban ! Ils sont utiles pour le pr\u00e9parer au passage de kyu de sa cat\u00e9gorie.","breadcrumb":{"@id":"https:\/\/explora-renaix.be\/index.php\/soroban\/exercices-soroban\/#breadcrumb"},"inLanguage":"fr-BE","potentialAction":[{"@type":"ReadAction","target":["https:\/\/explora-renaix.be\/index.php\/soroban\/exercices-soroban\/"]}]},{"@type":"ImageObject","inLanguage":"fr-BE","@id":"https:\/\/explora-renaix.be\/index.php\/soroban\/exercices-soroban\/#primaryimage","url":"https:\/\/explora-renaix.be\/wp-content\/uploads\/2023\/01\/DSCN2645-1200.jpg","contentUrl":"https:\/\/explora-renaix.be\/wp-content\/uploads\/2023\/01\/DSCN2645-1200.jpg","width":1200,"height":900},{"@type":"BreadcrumbList","@id":"https:\/\/explora-renaix.be\/index.php\/soroban\/exercices-soroban\/#breadcrumb","itemListElement":[{"@type":"ListItem","position":1,"name":"Accueil","item":"https:\/\/explora-renaix.be\/"},{"@type":"ListItem","position":2,"name":"Soroban","item":"https:\/\/explora-renaix.be\/index.php\/soroban\/"},{"@type":"ListItem","position":3,"name":"Exercices"}]},{"@type":"WebSite","@id":"https:\/\/explora-renaix.be\/#website","url":"https:\/\/explora-renaix.be\/","name":"Ecole fondamentale Explora Renaix - GO ! Basisschool Explora Ronse","description":"L&#039;\u00e9cole o\u00f9 il fait bon apprendre en waar kinderen gelukkig zijn !!","publisher":{"@id":"https:\/\/explora-renaix.be\/#organization"},"potentialAction":[{"@type":"SearchAction","target":{"@type":"EntryPoint","urlTemplate":"https:\/\/explora-renaix.be\/?s={search_term_string}"},"query-input":{"@type":"PropertyValueSpecification","valueRequired":true,"valueName":"search_term_string"}}],"inLanguage":"fr-BE"},{"@type":"Organization","@id":"https:\/\/explora-renaix.be\/#organization","name":"Ecole fondamentale Explora Renaix - GO ! Basisschool Explora Ronse","url":"https:\/\/explora-renaix.be\/","logo":{"@type":"ImageObject","inLanguage":"fr-BE","@id":"https:\/\/explora-renaix.be\/#\/schema\/logo\/image\/","url":"https:\/\/explora-renaix.be\/wp-content\/uploads\/2022\/12\/cropped-arbre-icon.png","contentUrl":"https:\/\/explora-renaix.be\/wp-content\/uploads\/2022\/12\/cropped-arbre-icon.png","width":544,"height":602,"caption":"Ecole fondamentale Explora Renaix - GO ! Basisschool Explora Ronse"},"image":{"@id":"https:\/\/explora-renaix.be\/#\/schema\/logo\/image\/"}}]}},"_links":{"self":[{"href":"https:\/\/explora-renaix.be\/index.php\/wp-json\/wp\/v2\/pages\/168","targetHints":{"allow":["GET"]}}],"collection":[{"href":"https:\/\/explora-renaix.be\/index.php\/wp-json\/wp\/v2\/pages"}],"about":[{"href":"https:\/\/explora-renaix.be\/index.php\/wp-json\/wp\/v2\/types\/page"}],"author":[{"embeddable":true,"href":"https:\/\/explora-renaix.be\/index.php\/wp-json\/wp\/v2\/users\/1"}],"replies":[{"embeddable":true,"href":"https:\/\/explora-renaix.be\/index.php\/wp-json\/wp\/v2\/comments?post=168"}],"version-history":[{"count":16,"href":"https:\/\/explora-renaix.be\/index.php\/wp-json\/wp\/v2\/pages\/168\/revisions"}],"predecessor-version":[{"id":487,"href":"https:\/\/explora-renaix.be\/index.php\/wp-json\/wp\/v2\/pages\/168\/revisions\/487"}],"up":[{"embeddable":true,"href":"https:\/\/explora-renaix.be\/index.php\/wp-json\/wp\/v2\/pages\/55"}],"wp:featuredmedia":[{"embeddable":true,"href":"https:\/\/explora-renaix.be\/index.php\/wp-json\/wp\/v2\/media\/527"}],"wp:attachment":[{"href":"https:\/\/explora-renaix.be\/index.php\/wp-json\/wp\/v2\/media?parent=168"}],"curies":[{"name":"wp","href":"https:\/\/api.w.org\/{rel}","templated":true}]}}