{"id":167,"date":"2023-01-01T16:40:54","date_gmt":"2023-01-01T16:40:54","guid":{"rendered":"https:\/\/ecoledecroly-renaix.be\/?page_id=167"},"modified":"2023-01-10T20:22:30","modified_gmt":"2023-01-10T20:22:30","slug":"la-methode","status":"publish","type":"page","link":"https:\/\/explora-renaix.be\/index.php\/soroban\/la-methode\/","title":{"rendered":"M\u00e9thode"},"content":{"rendered":"\n<p>A l&rsquo;\u00e9cole Decroly de Renaix, nous utilisons la m\u00e9thode soroban (aussi appel\u00e9e ABACUS) pour d\u00e9velopper les comp\u00e9tences arithm\u00e9tiques de nos \u00e9l\u00e8ves.<\/p>\n\n\n\n<p>De nombreuses \u00e9tudes et son utilisation massive dans les \u00e9coles japonaises ont d\u00e9montr\u00e9 qu&rsquo;utiliser le boulier japonais am\u00e9liore le passage \u00e0 l&rsquo;abstraction, la lecture des nombres, le calcul mental, la m\u00e9moire de travail, la logique math\u00e9matiques et surtout, la confiance en soi.<\/p>\n\n\n\n<p>Cette m\u00e9thode ne s&rsquo;adresse pas \u00e0 un public particulier. Les plus faibles comme les meilleurs en tireront beaucoup de plaisir.<\/p>\n\n\n\n<p>Le soroban est travaill\u00e9 en classe de mani\u00e8re collective, en groupes \u00e0 p\u00e9dagogie diff\u00e9renci\u00e9e et de mani\u00e8re individuelle.<\/p>\n\n\n\n<p>Chaque enfant inscrit re\u00e7oit en pr\u00eat un boulier japonais qu&rsquo;il est libre de reprendre chez lui pour se perfectionner.<\/p>\n","protected":false},"excerpt":{"rendered":"<p>A l&rsquo;\u00e9cole Decroly de Renaix, nous utilisons la m\u00e9thode soroban (aussi appel\u00e9e ABACUS) pour d\u00e9velopper les comp\u00e9tences arithm\u00e9tiques de nos \u00e9l\u00e8ves. De nombreuses \u00e9tudes et son utilisation massive dans les \u00e9coles japonaises ont d\u00e9montr\u00e9 qu&rsquo;utiliser le boulier japonais am\u00e9liore le passage \u00e0 l&rsquo;abstraction, la lecture des nombres, le calcul mental, [&hellip;]<\/p>\n","protected":false},"author":1,"featured_media":389,"parent":55,"menu_order":4002,"comment_status":"closed","ping_status":"closed","template":"","meta":{"_EventAllDay":false,"_EventTimezone":"","_EventStartDate":"","_EventEndDate":"","_EventStartDateUTC":"","_EventEndDateUTC":"","_EventShowMap":false,"_EventShowMapLink":false,"_EventURL":"","_EventCost":"","_EventCostDescription":"","_EventCurrencySymbol":"","_EventCurrencyCode":"","_EventCurrencyPosition":"","_EventDateTimeSeparator":"","_EventTimeRangeSeparator":"","_EventOrganizerID":[],"_EventVenueID":[],"_OrganizerEmail":"","_OrganizerPhone":"","_OrganizerWebsite":"","_VenueAddress":"","_VenueCity":"","_VenueCountry":"","_VenueProvince":"","_VenueState":"","_VenueZip":"","_VenuePhone":"","_VenueURL":"","_VenueStateProvince":"","_VenueLat":"","_VenueLng":"","_VenueShowMap":false,"_VenueShowMapLink":false,"footnotes":""},"class_list":["post-167","page","type-page","status-publish","has-post-thumbnail","hentry"],"yoast_head":"<!-- This site is optimized with the Yoast SEO plugin v26.4 - https:\/\/yoast.com\/wordpress\/plugins\/seo\/ -->\n<title>M\u00e9thode - Ecole fondamentale Explora Renaix - GO ! Basisschool Explora Ronse<\/title>\n<meta name=\"robots\" content=\"index, follow, max-snippet:-1, max-image-preview:large, max-video-preview:-1\" \/>\n<link rel=\"canonical\" href=\"https:\/\/explora-renaix.be\/index.php\/soroban\/la-methode\/\" \/>\n<meta property=\"og:locale\" content=\"fr_FR\" \/>\n<meta property=\"og:type\" content=\"article\" \/>\n<meta property=\"og:title\" content=\"M\u00e9thode - Ecole fondamentale Explora Renaix - GO ! Basisschool Explora Ronse\" \/>\n<meta property=\"og:description\" content=\"A l&rsquo;\u00e9cole Decroly de Renaix, nous utilisons la m\u00e9thode soroban (aussi appel\u00e9e ABACUS) pour d\u00e9velopper les comp\u00e9tences arithm\u00e9tiques de nos \u00e9l\u00e8ves. De nombreuses \u00e9tudes et son utilisation massive dans les \u00e9coles japonaises ont d\u00e9montr\u00e9 qu&rsquo;utiliser le boulier japonais am\u00e9liore le passage \u00e0 l&rsquo;abstraction, la lecture des nombres, le calcul mental, [&hellip;]\" \/>\n<meta property=\"og:url\" content=\"https:\/\/explora-renaix.be\/index.php\/soroban\/la-methode\/\" \/>\n<meta property=\"og:site_name\" content=\"Ecole fondamentale Explora Renaix - GO ! Basisschool Explora Ronse\" \/>\n<meta property=\"article:modified_time\" content=\"2023-01-10T20:22:30+00:00\" \/>\n<meta property=\"og:image\" content=\"https:\/\/explora-renaix.be\/wp-content\/uploads\/2023\/01\/P1240310-1200.jpg\" \/>\n\t<meta property=\"og:image:width\" content=\"1200\" \/>\n\t<meta property=\"og:image:height\" content=\"900\" \/>\n\t<meta property=\"og:image:type\" content=\"image\/jpeg\" \/>\n<meta name=\"twitter:card\" content=\"summary_large_image\" \/>\n<meta name=\"twitter:label1\" content=\"Dur\u00e9e de lecture est.\" \/>\n\t<meta name=\"twitter:data1\" content=\"1 minute\" \/>\n<script type=\"application\/ld+json\" class=\"yoast-schema-graph\">{\"@context\":\"https:\/\/schema.org\",\"@graph\":[{\"@type\":\"WebPage\",\"@id\":\"https:\/\/explora-renaix.be\/index.php\/soroban\/la-methode\/\",\"url\":\"https:\/\/explora-renaix.be\/index.php\/soroban\/la-methode\/\",\"name\":\"M\u00e9thode - Ecole fondamentale Explora Renaix - GO ! Basisschool Explora Ronse\",\"isPartOf\":{\"@id\":\"https:\/\/explora-renaix.be\/#website\"},\"primaryImageOfPage\":{\"@id\":\"https:\/\/explora-renaix.be\/index.php\/soroban\/la-methode\/#primaryimage\"},\"image\":{\"@id\":\"https:\/\/explora-renaix.be\/index.php\/soroban\/la-methode\/#primaryimage\"},\"thumbnailUrl\":\"https:\/\/explora-renaix.be\/wp-content\/uploads\/2023\/01\/P1240310-1200.jpg\",\"datePublished\":\"2023-01-01T16:40:54+00:00\",\"dateModified\":\"2023-01-10T20:22:30+00:00\",\"breadcrumb\":{\"@id\":\"https:\/\/explora-renaix.be\/index.php\/soroban\/la-methode\/#breadcrumb\"},\"inLanguage\":\"fr-BE\",\"potentialAction\":[{\"@type\":\"ReadAction\",\"target\":[\"https:\/\/explora-renaix.be\/index.php\/soroban\/la-methode\/\"]}]},{\"@type\":\"ImageObject\",\"inLanguage\":\"fr-BE\",\"@id\":\"https:\/\/explora-renaix.be\/index.php\/soroban\/la-methode\/#primaryimage\",\"url\":\"https:\/\/explora-renaix.be\/wp-content\/uploads\/2023\/01\/P1240310-1200.jpg\",\"contentUrl\":\"https:\/\/explora-renaix.be\/wp-content\/uploads\/2023\/01\/P1240310-1200.jpg\",\"width\":1200,\"height\":900},{\"@type\":\"BreadcrumbList\",\"@id\":\"https:\/\/explora-renaix.be\/index.php\/soroban\/la-methode\/#breadcrumb\",\"itemListElement\":[{\"@type\":\"ListItem\",\"position\":1,\"name\":\"Accueil\",\"item\":\"https:\/\/explora-renaix.be\/\"},{\"@type\":\"ListItem\",\"position\":2,\"name\":\"Soroban\",\"item\":\"https:\/\/explora-renaix.be\/index.php\/soroban\/\"},{\"@type\":\"ListItem\",\"position\":3,\"name\":\"M\u00e9thode\"}]},{\"@type\":\"WebSite\",\"@id\":\"https:\/\/explora-renaix.be\/#website\",\"url\":\"https:\/\/explora-renaix.be\/\",\"name\":\"Ecole fondamentale Explora Renaix - GO ! Basisschool Explora Ronse\",\"description\":\"L&#039;\u00e9cole o\u00f9 il fait bon apprendre en waar kinderen gelukkig zijn !!\",\"publisher\":{\"@id\":\"https:\/\/explora-renaix.be\/#organization\"},\"potentialAction\":[{\"@type\":\"SearchAction\",\"target\":{\"@type\":\"EntryPoint\",\"urlTemplate\":\"https:\/\/explora-renaix.be\/?s={search_term_string}\"},\"query-input\":{\"@type\":\"PropertyValueSpecification\",\"valueRequired\":true,\"valueName\":\"search_term_string\"}}],\"inLanguage\":\"fr-BE\"},{\"@type\":\"Organization\",\"@id\":\"https:\/\/explora-renaix.be\/#organization\",\"name\":\"Ecole fondamentale Explora Renaix - GO ! Basisschool Explora Ronse\",\"url\":\"https:\/\/explora-renaix.be\/\",\"logo\":{\"@type\":\"ImageObject\",\"inLanguage\":\"fr-BE\",\"@id\":\"https:\/\/explora-renaix.be\/#\/schema\/logo\/image\/\",\"url\":\"https:\/\/explora-renaix.be\/wp-content\/uploads\/2022\/12\/cropped-arbre-icon.png\",\"contentUrl\":\"https:\/\/explora-renaix.be\/wp-content\/uploads\/2022\/12\/cropped-arbre-icon.png\",\"width\":544,\"height\":602,\"caption\":\"Ecole fondamentale Explora Renaix - GO ! Basisschool Explora Ronse\"},\"image\":{\"@id\":\"https:\/\/explora-renaix.be\/#\/schema\/logo\/image\/\"}}]}<\/script>\n<!-- \/ Yoast SEO plugin. -->","yoast_head_json":{"title":"M\u00e9thode - Ecole fondamentale Explora Renaix - GO ! Basisschool Explora Ronse","robots":{"index":"index","follow":"follow","max-snippet":"max-snippet:-1","max-image-preview":"max-image-preview:large","max-video-preview":"max-video-preview:-1"},"canonical":"https:\/\/explora-renaix.be\/index.php\/soroban\/la-methode\/","og_locale":"fr_FR","og_type":"article","og_title":"M\u00e9thode - Ecole fondamentale Explora Renaix - GO ! Basisschool Explora Ronse","og_description":"A l&rsquo;\u00e9cole Decroly de Renaix, nous utilisons la m\u00e9thode soroban (aussi appel\u00e9e ABACUS) pour d\u00e9velopper les comp\u00e9tences arithm\u00e9tiques de nos \u00e9l\u00e8ves. De nombreuses \u00e9tudes et son utilisation massive dans les \u00e9coles japonaises ont d\u00e9montr\u00e9 qu&rsquo;utiliser le boulier japonais am\u00e9liore le passage \u00e0 l&rsquo;abstraction, la lecture des nombres, le calcul mental, [&hellip;]","og_url":"https:\/\/explora-renaix.be\/index.php\/soroban\/la-methode\/","og_site_name":"Ecole fondamentale Explora Renaix - GO ! Basisschool Explora Ronse","article_modified_time":"2023-01-10T20:22:30+00:00","og_image":[{"width":1200,"height":900,"url":"https:\/\/explora-renaix.be\/wp-content\/uploads\/2023\/01\/P1240310-1200.jpg","type":"image\/jpeg"}],"twitter_card":"summary_large_image","twitter_misc":{"Dur\u00e9e de lecture est.":"1 minute"},"schema":{"@context":"https:\/\/schema.org","@graph":[{"@type":"WebPage","@id":"https:\/\/explora-renaix.be\/index.php\/soroban\/la-methode\/","url":"https:\/\/explora-renaix.be\/index.php\/soroban\/la-methode\/","name":"M\u00e9thode - Ecole fondamentale Explora Renaix - GO ! Basisschool Explora Ronse","isPartOf":{"@id":"https:\/\/explora-renaix.be\/#website"},"primaryImageOfPage":{"@id":"https:\/\/explora-renaix.be\/index.php\/soroban\/la-methode\/#primaryimage"},"image":{"@id":"https:\/\/explora-renaix.be\/index.php\/soroban\/la-methode\/#primaryimage"},"thumbnailUrl":"https:\/\/explora-renaix.be\/wp-content\/uploads\/2023\/01\/P1240310-1200.jpg","datePublished":"2023-01-01T16:40:54+00:00","dateModified":"2023-01-10T20:22:30+00:00","breadcrumb":{"@id":"https:\/\/explora-renaix.be\/index.php\/soroban\/la-methode\/#breadcrumb"},"inLanguage":"fr-BE","potentialAction":[{"@type":"ReadAction","target":["https:\/\/explora-renaix.be\/index.php\/soroban\/la-methode\/"]}]},{"@type":"ImageObject","inLanguage":"fr-BE","@id":"https:\/\/explora-renaix.be\/index.php\/soroban\/la-methode\/#primaryimage","url":"https:\/\/explora-renaix.be\/wp-content\/uploads\/2023\/01\/P1240310-1200.jpg","contentUrl":"https:\/\/explora-renaix.be\/wp-content\/uploads\/2023\/01\/P1240310-1200.jpg","width":1200,"height":900},{"@type":"BreadcrumbList","@id":"https:\/\/explora-renaix.be\/index.php\/soroban\/la-methode\/#breadcrumb","itemListElement":[{"@type":"ListItem","position":1,"name":"Accueil","item":"https:\/\/explora-renaix.be\/"},{"@type":"ListItem","position":2,"name":"Soroban","item":"https:\/\/explora-renaix.be\/index.php\/soroban\/"},{"@type":"ListItem","position":3,"name":"M\u00e9thode"}]},{"@type":"WebSite","@id":"https:\/\/explora-renaix.be\/#website","url":"https:\/\/explora-renaix.be\/","name":"Ecole fondamentale Explora Renaix - GO ! Basisschool Explora Ronse","description":"L&#039;\u00e9cole o\u00f9 il fait bon apprendre en waar kinderen gelukkig zijn !!","publisher":{"@id":"https:\/\/explora-renaix.be\/#organization"},"potentialAction":[{"@type":"SearchAction","target":{"@type":"EntryPoint","urlTemplate":"https:\/\/explora-renaix.be\/?s={search_term_string}"},"query-input":{"@type":"PropertyValueSpecification","valueRequired":true,"valueName":"search_term_string"}}],"inLanguage":"fr-BE"},{"@type":"Organization","@id":"https:\/\/explora-renaix.be\/#organization","name":"Ecole fondamentale Explora Renaix - GO ! Basisschool Explora Ronse","url":"https:\/\/explora-renaix.be\/","logo":{"@type":"ImageObject","inLanguage":"fr-BE","@id":"https:\/\/explora-renaix.be\/#\/schema\/logo\/image\/","url":"https:\/\/explora-renaix.be\/wp-content\/uploads\/2022\/12\/cropped-arbre-icon.png","contentUrl":"https:\/\/explora-renaix.be\/wp-content\/uploads\/2022\/12\/cropped-arbre-icon.png","width":544,"height":602,"caption":"Ecole fondamentale Explora Renaix - GO ! Basisschool Explora Ronse"},"image":{"@id":"https:\/\/explora-renaix.be\/#\/schema\/logo\/image\/"}}]}},"_links":{"self":[{"href":"https:\/\/explora-renaix.be\/index.php\/wp-json\/wp\/v2\/pages\/167","targetHints":{"allow":["GET"]}}],"collection":[{"href":"https:\/\/explora-renaix.be\/index.php\/wp-json\/wp\/v2\/pages"}],"about":[{"href":"https:\/\/explora-renaix.be\/index.php\/wp-json\/wp\/v2\/types\/page"}],"author":[{"embeddable":true,"href":"https:\/\/explora-renaix.be\/index.php\/wp-json\/wp\/v2\/users\/1"}],"replies":[{"embeddable":true,"href":"https:\/\/explora-renaix.be\/index.php\/wp-json\/wp\/v2\/comments?post=167"}],"version-history":[{"count":2,"href":"https:\/\/explora-renaix.be\/index.php\/wp-json\/wp\/v2\/pages\/167\/revisions"}],"predecessor-version":[{"id":192,"href":"https:\/\/explora-renaix.be\/index.php\/wp-json\/wp\/v2\/pages\/167\/revisions\/192"}],"up":[{"embeddable":true,"href":"https:\/\/explora-renaix.be\/index.php\/wp-json\/wp\/v2\/pages\/55"}],"wp:featuredmedia":[{"embeddable":true,"href":"https:\/\/explora-renaix.be\/index.php\/wp-json\/wp\/v2\/media\/389"}],"wp:attachment":[{"href":"https:\/\/explora-renaix.be\/index.php\/wp-json\/wp\/v2\/media?parent=167"}],"curies":[{"name":"wp","href":"https:\/\/api.w.org\/{rel}","templated":true}]}}